{"id":1596,"date":"2023-08-01T19:39:20","date_gmt":"2023-08-01T17:39:20","guid":{"rendered":"https:\/\/nowitzky.eu\/?page_id=1596"},"modified":"2023-10-20T12:19:51","modified_gmt":"2023-10-20T10:19:51","slug":"start-alt","status":"publish","type":"page","link":"https:\/\/nowitzky.eu\/?page_id=1596","title":{"rendered":"Start alt"},"content":{"rendered":"<div data-colibri-id=\"1596-c1\" class=\"style-995 style-local-1596-c1 position-relative\">\n  <!---->\n  <div data-colibri-component=\"section\" data-colibri-id=\"1596-c2\" id=\"about\" class=\"h-section h-section-global-spacing d-flex align-items-lg-center align-items-md-center align-items-end style-1022 style-local-1596-c2 h-overflow-hidden position-relative\">\n    <div class=\"background-wrapper\">\n      <div class=\"background-layer background-layer-media-container-lg\">\n        <!---->\n        <div class=\"overlay-layer\">\n          <div class=\"overlay-image-layer\" style=\"background-image: linear-gradient(90deg, rgb(255, 255, 255) 55%, rgba(255, 255, 255, 0.5) 100%);\"><\/div>\n        <\/div>\n      <\/div>\n      <div class=\"background-layer background-layer-media-container-md\">\n        <!---->\n        <div class=\"overlay-layer\">\n          <div class=\"overlay-image-layer\" style=\"background-image: linear-gradient(90deg, rgb(255, 255, 255) 55%, rgba(255, 255, 255, 0.5) 100%);\"><\/div>\n        <\/div>\n      <\/div>\n      <div class=\"background-layer background-layer-media-container\">\n        <!---->\n        <div class=\"overlay-layer\">\n          <div class=\"overlay-image-layer\" style=\"background-image: linear-gradient(90deg, rgb(255, 255, 255) 55%, rgba(255, 255, 255, 0.5) 100%);\"><\/div>\n        <\/div>\n      <\/div>\n    <\/div>\n    <!---->\n    <div class=\"h-section-grid-container h-section-boxed-container\">\n      <!---->\n      <div data-colibri-id=\"1596-c3\" class=\"h-row-container gutters-row-lg-0 gutters-row-md-0 gutters-row-2 gutters-row-v-lg-0 gutters-row-v-md-0 gutters-row-v-0 style-1023 style-local-1596-c3 position-relative\">\n        <!---->\n        <div class=\"h-row justify-content-lg-start justify-content-md-start justify-content-center align-items-lg-stretch align-items-md-stretch align-items-stretch gutters-col-lg-0 gutters-col-md-0 gutters-col-2 gutters-col-v-lg-0 gutters-col-v-md-0 gutters-col-v-0\">\n          <!---->\n          <div class=\"h-column h-column-container d-flex h-col-lg-auto h-col-md-auto h-col-auto style-1024-outer style-local-1596-c4-outer\">\n            <div data-colibri-id=\"1596-c4\" class=\"d-flex h-flex-basis h-column__inner h-px-lg-2 h-px-md-2 h-px-0 v-inner-lg-2 v-inner-md-2 v-inner-0 style-1024 style-local-1596-c4 position-relative\">\n              <!---->\n              <!---->\n              <div class=\"w-100 h-y-container h-column__content h-column__v-align flex-basis-100 align-self-lg-end align-self-md-end align-self-end\">\n                <!---->\n                <div data-colibri-id=\"1596-c5\" class=\"h-text h-text-component style-1026 style-local-1596-c5 position-relative h-element\">\n                  <!---->\n                  <!---->\n                  <div class=\"\">\n                    <p><span style=\"color: rgb(51, 51, 51); font-family: Montserrat; font-size: 42px; font-weight: 600;\">Liebe Besucherin, lieber Besucher,<\/span><strong style=\"color: rgb(102, 102, 102); font-family: &quot;Open Sans&quot;, sans-serif; font-size: 12pt;\">\ufeff<\/strong><\/p>\n                    <p>\n                      <br>\n                    <\/p>\n                    <p><strong style=\"font-size: 12pt; font-family: &quot;Open Sans&quot;, sans-serif; color: rgb(102, 102, 102);\">der Mensch hat viele W\u00fcnsche und Sehns\u00fcchte, aber unsere Gesundheit liegt uns allen besonders am Herzen. Auch im Zeitalter m\u00fchelos erreichbarer und massenhaft abrufbarer Information bleibt die vertrauensvolle Beziehung zu einer \u00c4rztin oder einem Arzt f\u00fcr die meisten Menschen unersetzlich in Hinsicht auf die kompetente Betreuung ihres k\u00f6rperlichen, psychischen und seelischen Wohlbefindens.<\/strong><\/p>\n                    <p><span style=\"font-size: 12pt; font-family: &quot;Open Sans&quot;, sans-serif; color: rgb(102, 102, 102);\">Ich bin Fach\u00e4rztin f\u00fcr Innere- und Allgemeinmedizin mit den Zusatzbezeichnungen klassische Hom\u00f6opathie und Notfallmedizin. Meine Ausbildung umfasste mehrere Jahre klinischer T\u00e4tigkeit in verschiedenen Krankenh\u00e4usern in den F\u00e4chern Chirurgie, Kinderheilkunde und Innere Medizin, sowie in zwei Haus- und Kinderarztpraxen. Die moderne Familienmedizin sieht in den Haus\u00e4rzt*innen Ansprechpartner*innen f\u00fcr die komplexer werdende Lebenswirklichkeit des heutigen Menschen \u2013 alt oder jung, gleich welcher geschlechtlichen Identit\u00e4t oder Ethnie. Insbesondere f\u00fcr gesundheitliche Auswirkungen des \u201cmodernen\u201d Lebensstils wird ein solides Vorsorgekonzept immer wichtiger. Die Palliativmedizinische Begleitung \u201cin guten, wie in schlechten Tagen\u201d setzt bei einer schweren, lebensverk\u00fcrzenden Erkrankung bislang oft erfolgreiche Lebenskonzepte au\u00dfer Kraft und ben\u00f6tigt einen fachlich kompetent betreuten, gesch\u00fctzten Rahmen. Durch meine spezialisierte Ausbildung und ein gut organisiertes Netzwerk werde ich auch dann umfassend f\u00fcr Sie da sein.<\/span><\/p>\n                    <p><span style=\"font-size: 12pt; font-family: &quot;Open Sans&quot;, sans-serif; color: rgb(102, 102, 102);\">Ich arbeite zus\u00e4tzlich seit Jahren als Not\u00e4rztin an beiden Standorten im Landkreis Weilheim-Schongau sowie im vertrags\u00e4rztlichen Notdienst.<\/span><\/p>\n                    <p><strong style=\"font-size: 12pt; font-family: &quot;Open Sans&quot;, sans-serif; color: rgb(102, 102, 102);\">Mein Konzept der haus\u00e4rztlichen Versorgung setzt einerseits auf die althergebrachte Kernkompetenz des hippokratischen Arztbildes \u2013 die ganzheitliche Betreuung eines Menschen mit einer Biografie von Leib, Seele und sozialen Beziehungen \u2013 in Verbindung mit den M\u00f6glichkeiten der modernen Familien- und Allgemeinmedizin. Wenn es sinnvoll und angezeigt ist, liegt mein Therapieschwerpunkt in der klassischen Hom\u00f6opathie nach Hahnemann, jedoch lege ich Wert darauf, insgesamt eine zeitgem\u00e4\u00dfe und \u2013 wenn erfolgversprechend \u2013 \u201cleitliniengerechte\u201d Medizin anzubieten. Mein Ziel ist jedoch nicht der der Erfolg einer bestimmten Heilmethode, sondern die passende individuelle Diagnostik und Therapie im Sinne einer sorgf\u00e4ltig ausge\u00fcbten, \u00e4rztlichen Kunst \u2013 dem Wohl des Heilsuchenden verpflichtet.<\/strong><\/p>\n                    <p>\n                      <br>\n                    <\/p>\n                    <p><span style=\"font-size: 12pt; font-family: &quot;Open Sans&quot;, sans-serif; color: rgb(102, 102, 102);\">Mit freundlichen Gr\u00fc\u00dfen, Ihre<\/span><\/p>\n                    <p><span style=\"font-size: 12pt; font-family: &quot;Open Sans&quot;, sans-serif; color: rgb(102, 102, 102);\">Dr. med. Barbara Nowitzky<\/span><\/p>\n                    <p>\n                      <br>\n                    <\/p>\n                  <\/div>\n                <\/div>\n              <\/div>\n            <\/div>\n          <\/div>\n        <\/div>\n      <\/div>\n    <\/div>\n  <\/div>\n<\/div>","protected":false},"excerpt":{"rendered":"<p>Liebe Besucherin, lieber Besucher,\ufeff der Mensch hat viele W\u00fcnsche und Sehns\u00fcchte, aber unsere Gesundheit liegt uns allen besonders am Herzen. Auch im Zeitalter m\u00fchelos erreichbarer und massenhaft abrufbarer Information bleibt die vertrauensvolle Beziehung zu einer \u00c4rztin oder einem Arzt f\u00fcr die meisten Menschen unersetzlich in Hinsicht auf die kompetente Betreuung ihres k\u00f6rperlichen, psychischen und seelischen [&hellip;]<\/p>\n","protected":false},"author":3,"featured_media":0,"parent":0,"menu_order":0,"comment_status":"closed","ping_status":"closed","template":"page-templates\/full-width-page.php","meta":{"footnotes":""},"class_list":["post-1596","page","type-page","status-publish","hentry"],"_links":{"self":[{"href":"https:\/\/nowitzky.eu\/index.php?rest_route=\/wp\/v2\/pages\/1596","targetHints":{"allow":["GET"]}}],"collection":[{"href":"https:\/\/nowitzky.eu\/index.php?rest_route=\/wp\/v2\/pages"}],"about":[{"href":"https:\/\/nowitzky.eu\/index.php?rest_route=\/wp\/v2\/types\/page"}],"author":[{"embeddable":true,"href":"https:\/\/nowitzky.eu\/index.php?rest_route=\/wp\/v2\/users\/3"}],"replies":[{"embeddable":true,"href":"https:\/\/nowitzky.eu\/index.php?rest_route=%2Fwp%2Fv2%2Fcomments&post=1596"}],"version-history":[{"count":4,"href":"https:\/\/nowitzky.eu\/index.php?rest_route=\/wp\/v2\/pages\/1596\/revisions"}],"predecessor-version":[{"id":2250,"href":"https:\/\/nowitzky.eu\/index.php?rest_route=\/wp\/v2\/pages\/1596\/revisions\/2250"}],"wp:attachment":[{"href":"https:\/\/nowitzky.eu\/index.php?rest_route=%2Fwp%2Fv2%2Fmedia&parent=1596"}],"curies":[{"name":"wp","href":"https:\/\/api.w.org\/{rel}","templated":true}]}}