{"id":19,"date":"2013-02-08T17:19:50","date_gmt":"2013-02-08T15:19:50","guid":{"rendered":"http:\/\/nowitzky.eu\/wordpress\/?page_id=19"},"modified":"2026-04-07T21:28:25","modified_gmt":"2026-04-07T19:28:25","slug":"sprechzeiten","status":"publish","type":"page","link":"https:\/\/nowitzky.eu\/?page_id=19","title":{"rendered":"ONLINE-Terminbuchung\/ Sprechzeiten"},"content":{"rendered":"<div data-colibri-id=\"19-c1\" class=\"style-329 style-local-19-c1 position-relative\">\n  <!---->\n  <div data-colibri-component=\"section\" data-colibri-id=\"19-c2\" id=\"about-3\" class=\"h-section h-section-global-spacing d-flex align-items-lg-center align-items-md-center align-items-center style-1147 style-local-19-c2 position-relative\">\n    <!---->\n    <!---->\n    <div class=\"h-section-grid-container h-section-boxed-container\">\n      <!---->\n      <div data-colibri-id=\"19-c3\" class=\"h-row-container gutters-row-lg-0 gutters-row-md-0 gutters-row-0 gutters-row-v-lg-0 gutters-row-v-md-0 gutters-row-v-0 style-1148 style-local-19-c3 position-relative\">\n        <!---->\n        <div class=\"h-row justify-content-lg-center justify-content-md-center justify-content-center align-items-lg-stretch align-items-md-stretch align-items-stretch gutters-col-lg-0 gutters-col-md-0 gutters-col-0 gutters-col-v-lg-0 gutters-col-v-md-0 gutters-col-v-0\">\n          <!---->\n          <div class=\"h-column h-column-container d-flex h-col-lg-auto h-col-md-auto h-col-auto style-1149-outer style-local-19-c4-outer\">\n            <div data-colibri-id=\"19-c4\" class=\"d-flex h-flex-basis h-column__inner h-ui-empty-state-container h-px-lg-0 h-px-md-0 h-px-0 v-inner-lg-0 v-inner-md-0 v-inner-0 style-1149 style-local-19-c4 position-relative\">\n              <!---->\n              <!---->\n              <div class=\"w-100 h-y-container h-column__content h-column__v-align flex-basis-100\">\n                <!---->\n              <\/div>\n            <\/div>\n          <\/div>\n          <div class=\"h-column h-column-container d-flex h-col-lg-auto h-col-md-auto h-col-auto style-1150-outer style-local-19-c5-outer\">\n            <div data-colibri-id=\"19-c5\" class=\"d-flex h-flex-basis h-column__inner h-px-lg-2 h-px-md-2 h-px-2 v-inner-lg-2 v-inner-md-2 v-inner-2 style-1150 style-local-19-c5 position-relative\">\n              <!---->\n              <!---->\n              <div class=\"w-100 h-y-container h-column__content h-column__v-align flex-basis-100 align-self-lg-start align-self-md-start align-self-start\">\n                <!---->\n                <div data-colibri-id=\"19-c6\" class=\"h-global-transition-all h-heading style-1152 style-local-19-c6 position-relative h-element\">\n                  <!---->\n                  <div class=\"h-heading__outer style-1152 style-local-19-c6\">\n                    <!---->\n                    <!---->\n                    <h3 class=\"\"><span style=\"font-family: &quot;Open Sans&quot;; font-weight: 600; color: rgb(102, 102, 102);\">Videosprechstunde<\/span><\/h3>\n                  <\/div>\n                <\/div>\n                <div data-colibri-id=\"19-c7\" class=\"h-text h-text-component style-1153 style-local-19-c7 position-relative h-element\">\n                  <!---->\n                  <!---->\n                  <div class=\"\">\n                    <p>Ab sofort haben Sie bei uns die M\u00f6glichkeit Ihre AU-\/Schulbescheinigung oder eine normale Sprechstunde online als Videosprechstunde zu buchen.<\/p>\n                  <\/div>\n                <\/div>\n                <div data-colibri-id=\"19-c8\" class=\"h-x-container style-1159 style-local-19-c8 position-relative h-element\">\n                  <!---->\n                  <div class=\"h-x-container-inner style-dynamic-19-c8-group style-1159-spacing style-local-19-c8-spacing\"><span class=\"h-button__outer style-1160-outer style-local-19-c9-outer d-inline-flex h-element\"><a h-use-smooth-scroll=\"true\" href=\"https:\/\/www.termin-patmed.de\/p\/praxis-fuer-familienmedizin-now-ro\" target=\"_blank\"  data-colibri-id=\"19-c9\" class=\"d-flex w-100 align-items-center h-button justify-content-lg-center justify-content-md-center justify-content-center style-1160 style-local-19-c9 position-relative\"><!----><!----> <span>Onlinebuchung<\/span><\/a>\n                    <\/span>\n                  <\/div>\n                <\/div>\n              <\/div>\n            <\/div>\n          <\/div>\n        <\/div>\n      <\/div>\n    <\/div>\n  <\/div>\n  <div data-colibri-component=\"section\" data-colibri-id=\"19-c14\" id=\"initial-content\" class=\"h-section h-section-global-spacing d-flex align-items-lg-center align-items-md-center align-items-center style-330 style-local-19-c14 position-relative\">\n    <!---->\n    <!---->\n    <div class=\"h-section-grid-container h-section-boxed-container\">\n      <!---->\n      <div data-colibri-id=\"19-c20\" class=\"h-row-container gutters-row-lg-2 gutters-row-md-2 gutters-row-0 gutters-row-v-lg-2 gutters-row-v-md-2 gutters-row-v-2 style-1106 style-local-19-c20 position-relative\">\n        <!---->\n        <div class=\"h-row justify-content-lg-center justify-content-md-center justify-content-center align-items-lg-stretch align-items-md-stretch align-items-stretch gutters-col-lg-2 gutters-col-md-2 gutters-col-0 gutters-col-v-lg-2 gutters-col-v-md-2 gutters-col-v-2\">\n          <!---->\n          <div class=\"h-column h-column-container d-flex h-col-lg-auto h-col-md-auto h-col-auto style-1107-outer style-local-19-c21-outer\">\n            <div data-colibri-id=\"19-c21\" class=\"d-flex h-flex-basis h-column__inner h-px-lg-2 h-px-md-2 h-px-2 v-inner-lg-2 v-inner-md-2 v-inner-2 style-1107 style-local-19-c21 position-relative\">\n              <!---->\n              <!---->\n              <div class=\"w-100 h-y-container h-column__content h-column__v-align flex-basis-100 align-self-lg-start align-self-md-start align-self-start\">\n                <!---->\n                <div data-colibri-id=\"19-c22\" class=\"h-text h-text-component style-1109 style-local-19-c22 position-relative h-element\">\n                  <!---->\n                  <!---->\n                  <div class=\"\">\n                    <h4><strong style=\"font-family: Open Sans; color: rgb(127, 18, 18); font-weight: 800;\"><u>INFLUENZAschutzimpfung<\/u> immer m\u00f6glich (und sinnvoll!) &#8211; eine der h\u00e4ufigsten Reiseerkrankungen weltweit!<\/strong><span style=\"color: rgb(127, 18, 18);\"><br><\/span><\/h4>\n                    <p>\n                      <br>\n                    <\/p>\n                  <\/div>\n                <\/div>\n              <\/div>\n            <\/div>\n          <\/div>\n        <\/div>\n      <\/div>\n      <div data-colibri-id=\"19-c23\" class=\"h-row-container gutters-row-lg-2 gutters-row-md-2 gutters-row-0 gutters-row-v-lg-2 gutters-row-v-md-2 gutters-row-v-2 style-1096 style-local-19-c23 position-relative\">\n        <!---->\n        <div class=\"h-row justify-content-lg-center justify-content-md-center justify-content-center align-items-lg-stretch align-items-md-stretch align-items-stretch gutters-col-lg-2 gutters-col-md-2 gutters-col-0 gutters-col-v-lg-2 gutters-col-v-md-2 gutters-col-v-2\">\n          <!---->\n          <div class=\"h-column h-column-container d-flex h-col-lg-auto h-col-md-auto h-col-auto style-1097-outer style-local-19-c24-outer\">\n            <div data-colibri-id=\"19-c24\" class=\"d-flex h-flex-basis h-column__inner h-px-lg-2 h-px-md-2 h-px-2 v-inner-lg-2 v-inner-md-2 v-inner-2 style-1097 style-local-19-c24 position-relative\">\n              <!---->\n              <!---->\n              <div class=\"w-100 h-y-container h-column__content h-column__v-align flex-basis-100 align-self-lg-start align-self-md-start align-self-start\">\n                <!---->\n                <div data-colibri-id=\"19-c25\" class=\"h-text h-text-component style-1099 style-local-19-c25 position-relative h-element\">\n                  <!---->\n                  <!---->\n                  <div class=\"\">\n                    <h6>\n                      <u style=\"font-family: &quot;Open Sans&quot;; font-weight: 600;\">Sprechzeiten<\/u>\n                      <u style=\"font-weight: 600;\">:<\/u>\n                    <\/h6>\n                  <\/div>\n                <\/div>\n                <div data-colibri-id=\"19-c26\" class=\"h-row-container gutters-row-lg-2 gutters-row-md-2 gutters-row-0 gutters-row-v-lg-2 gutters-row-v-md-2 gutters-row-v-2 style-1100 style-local-19-c26 position-relative\">\n                  <!---->\n                  <div class=\"h-row justify-content-lg-center justify-content-md-center justify-content-center align-items-lg-stretch align-items-md-stretch align-items-stretch gutters-col-lg-2 gutters-col-md-2 gutters-col-0 gutters-col-v-lg-2 gutters-col-v-md-2 gutters-col-v-2\">\n                    <!---->\n                    <div class=\"h-column h-column-container d-flex h-col-lg-auto h-col-md-auto h-col-auto style-1101-outer style-local-19-c27-outer\">\n                      <div data-colibri-id=\"19-c27\" class=\"d-flex h-flex-basis h-column__inner h-px-lg-2 h-px-md-2 h-px-2 v-inner-lg-2 v-inner-md-2 v-inner-2 style-1101 style-local-19-c27 position-relative\">\n                        <!---->\n                        <!---->\n                        <div class=\"w-100 h-y-container h-column__content h-column__v-align flex-basis-100 align-self-lg-start align-self-md-start align-self-start\">\n                          <!---->\n                          <div data-colibri-id=\"19-c28\" class=\"h-text h-text-component style-1103 style-local-19-c28 position-relative h-element\">\n                            <!---->\n                            <!---->\n                            <div class=\"\">\n                              <p>Montag<\/p>\n                              <p>Dienstag<\/p>\n                              <p>Mittwoch<\/p>\n                              <p>Donnerstag<\/p>\n                              <p>Freitag<\/p>\n                            <\/div>\n                          <\/div>\n                        <\/div>\n                      <\/div>\n                    <\/div>\n                    <div class=\"h-column h-column-container d-flex h-col-lg-auto h-col-md-auto h-col-auto style-1102-outer style-local-19-c29-outer\">\n                      <div data-colibri-id=\"19-c29\" class=\"d-flex h-flex-basis h-column__inner h-px-lg-2 h-px-md-2 h-px-2 v-inner-lg-2 v-inner-md-2 v-inner-2 style-1102 style-local-19-c29 position-relative\">\n                        <!---->\n                        <!---->\n                        <div class=\"w-100 h-y-container h-column__content h-column__v-align flex-basis-100 align-self-lg-start align-self-md-start align-self-start\">\n                          <!---->\n                          <div data-colibri-id=\"19-c30\" class=\"h-text h-text-component style-1104 style-local-19-c30 position-relative h-element\">\n                            <!---->\n                            <!---->\n                            <div class=\"\">\n                              <h5><span style=\"font-family: Open Sans;\">8:00 &#8211; 11:30 Uhr und 15:00 &#8211; 18:00 Uhr<\/span><\/h5>\n                              <h5><span style=\"font-family: Open Sans;\">8:00 &#8211; 14:30 Uhr<\/span><\/h5>\n                              <h5><span style=\"font-family: Open Sans;\">8:00 &#8211; 13:00 Uhr und <\/span><span style=\"font-family: Open Sans; color: rgb(229, 28, 28);\">15:00 &#8211; 17:00<\/span><span style=\"font-family: Open Sans;\"> Uhr<\/span><\/h5>\n                              <h5><span style=\"font-family: Open Sans;\">8:00 &#8211; 11:30 Uhr und 15:00 &#8211; 19:00 Uhr<\/span><\/h5>\n                              <h5><span style=\"font-family: Open Sans; color: rgb(205, 29, 29);\">9:00<\/span><span style=\"font-family: Open Sans;\"> &#8211; 13:00 Uhr<\/span><\/h5>\n                              <p>\n                                <br>\n                              <\/p>\n                            <\/div>\n                          <\/div>\n                        <\/div>\n                      <\/div>\n                    <\/div>\n                  <\/div>\n                <\/div>\n                <div data-colibri-id=\"19-c31\" class=\"h-text h-text-component style-1105 style-local-19-c31 position-relative h-element\">\n                  <!---->\n                  <!---->\n                  <div class=\"\">\n                    <p>Termine au\u00dferhalb der Sprechzeiten sowie Hausbesuche nach vorheriger Vereinbarung.<\/p>\n                  <\/div>\n                <\/div>\n              <\/div>\n            <\/div>\n          <\/div>\n          <div class=\"h-column h-column-container d-flex h-col-lg-auto h-col-md-auto h-col-auto style-1098-outer style-local-19-c32-outer\">\n            <div data-colibri-id=\"19-c32\" class=\"d-flex h-flex-basis h-column__inner h-px-lg-2 h-px-md-2 h-px-2 v-inner-lg-2 v-inner-md-2 v-inner-2 style-1098 style-local-19-c32 position-relative\">\n              <!---->\n              <!---->\n              <div class=\"w-100 h-y-container h-column__content h-column__v-align flex-basis-100 align-self-lg-start align-self-md-start align-self-start\">\n                <!---->\n                <div data-colibri-id=\"19-c33\" class=\"style-1114 style-local-19-c33 position-relative h-element\">\n                  <!---->\n                <\/div>\n                <div data-colibri-id=\"19-c34\" class=\"h-text h-text-component style-1112 style-local-19-c34 position-relative h-element\">\n                  <!---->\n                  <!---->\n                  <div class=\"\">\n                    <p><span style=\"font-weight: 600;\">Termin jetzt einfach uhrzeitunabh\u00e4ngig online buchen:<\/span><\/p>\n                    <p>\n                      <br>\n                    <\/p>\n                  <\/div>\n                <\/div>\n                <div data-colibri-id=\"19-c35\" class=\"h-x-container style-1110 style-local-19-c35 position-relative h-element\">\n                  <!---->\n                  <div class=\"h-x-container-inner style-dynamic-19-c35-group style-1110-spacing style-local-19-c35-spacing\"><span class=\"h-button__outer style-1111-outer style-local-19-c36-outer d-inline-flex h-element\"><a h-use-smooth-scroll=\"true\" href=\"https:\/\/www.termin-patmed.de\/p\/praxis-fuer-familienmedizin-now-ro\" target=\"_blank\"  data-colibri-id=\"19-c36\" class=\"d-flex w-100 align-items-center h-button justify-content-lg-center justify-content-md-center justify-content-center style-1111 style-local-19-c36 position-relative\"><!----><!----> <span>Online-Terminbuchung<\/span><\/a>\n                    <\/span>\n                  <\/div>\n                <\/div>\n                <div data-colibri-id=\"19-c37\" class=\"h-text h-text-component style-1115 style-local-19-c37 position-relative h-element\">\n                  <!---->\n                  <!---->\n                  <div class=\"\">\n                    <p>\n                      <br>\n                    <\/p>\n                    <p><span style=\"font-weight: 600;\">oder wie gewohnt telefonisch unter der<\/span><\/p>\n                    <p><span style=\"font-weight: 600; color: rgb(3, 169, 244);\">08803-3058 oder <\/span><\/p>\n                    <p><span style=\"font-weight: 600; color: rgb(3, 169, 244);\">08803-900665<\/span><\/p>\n                  <\/div>\n                <\/div>\n              <\/div>\n            <\/div>\n          <\/div>\n        <\/div>\n      <\/div>\n      <div data-colibri-id=\"19-c38\" class=\"h-row-container gutters-row-lg-2 gutters-row-md-2 gutters-row-0 gutters-row-v-lg-2 gutters-row-v-md-2 gutters-row-v-2 style-1118 style-local-19-c38 position-relative\">\n        <!---->\n        <div class=\"h-row justify-content-lg-center justify-content-md-center justify-content-center align-items-lg-stretch align-items-md-stretch align-items-stretch gutters-col-lg-2 gutters-col-md-2 gutters-col-0 gutters-col-v-lg-2 gutters-col-v-md-2 gutters-col-v-2\">\n          <!---->\n          <div class=\"h-column h-column-container d-flex h-col-lg-auto h-col-md-auto h-col-auto style-1119-outer style-local-19-c39-outer\">\n            <div data-colibri-id=\"19-c39\" class=\"d-flex h-flex-basis h-column__inner h-px-lg-2 h-px-md-2 h-px-2 v-inner-lg-2 v-inner-md-2 v-inner-2 style-1119 style-local-19-c39 position-relative\">\n              <!---->\n              <!---->\n              <div class=\"w-100 h-y-container h-column__content h-column__v-align flex-basis-100 align-self-lg-start align-self-md-start align-self-start\">\n                <!---->\n                <div data-colibri-id=\"19-c40\" class=\"h-text h-text-component style-1120 style-local-19-c40 position-relative h-element\">\n                  <!---->\n                  <!---->\n                  <div class=\"\">\n                    <p>An den Feiertagen und Wochenenden gibt es bei einem Behandlungswunsch auch die M\u00f6glichkeit, sich an den vertrags\u00e4rztlichen Bereitschaftsdienst unter der Nummer 116117 zu wenden. Bei dringenden (lebensbedrohlichen) Notf\u00e4llen bitte den\n                      europaweiten Notruf 112 w\u00e4hlen.<\/p>\n                  <\/div>\n                <\/div>\n              <\/div>\n            <\/div>\n          <\/div>\n        <\/div>\n      <\/div>\n    <\/div>\n  <\/div>\n  <div data-colibri-component=\"section\" data-colibri-id=\"19-c41\" id=\"about\" class=\"h-section h-section-global-spacing d-flex align-items-lg-center align-items-md-center align-items-center style-1165 style-local-19-c41 position-relative\">\n    <!---->\n    <!---->\n    <div class=\"h-section-grid-container h-section-boxed-container\">\n      <!---->\n      <div data-colibri-id=\"19-c42\" class=\"h-row-container gutters-row-lg-2 gutters-row-md-2 gutters-row-0 gutters-row-v-lg-2 gutters-row-v-md-2 gutters-row-v-2 style-1359 style-local-19-c42 position-relative\">\n        <!---->\n        <div class=\"h-row justify-content-lg-center justify-content-md-center justify-content-center align-items-lg-stretch align-items-md-stretch align-items-stretch gutters-col-lg-2 gutters-col-md-2 gutters-col-0 gutters-col-v-lg-2 gutters-col-v-md-2 gutters-col-v-2\">\n          <!---->\n          <div class=\"h-column h-column-container d-flex h-col-lg-auto h-col-md-auto h-col-auto style-1360-outer style-local-19-c43-outer\">\n            <div data-colibri-id=\"19-c43\" class=\"d-flex h-flex-basis h-column__inner h-ui-empty-state-container h-px-lg-2 h-px-md-2 h-px-2 v-inner-lg-2 v-inner-md-2 v-inner-2 style-1360 style-local-19-c43 position-relative\">\n              <!---->\n              <!---->\n              <div class=\"w-100 h-y-container h-column__content h-column__v-align flex-basis-100\">\n                <!---->\n              <\/div>\n            <\/div>\n          <\/div>\n        <\/div>\n      <\/div>\n      <div data-colibri-id=\"19-c44\" class=\"h-row-container gutters-row-lg-0 gutters-row-md-0 gutters-row-0 gutters-row-v-lg-0 gutters-row-v-md-0 gutters-row-v-0 style-1166 style-local-19-c44 position-relative\">\n        <!---->\n        <div class=\"h-row justify-content-lg-center justify-content-md-center justify-content-center align-items-lg-stretch align-items-md-stretch align-items-stretch gutters-col-lg-0 gutters-col-md-0 gutters-col-0 gutters-col-v-lg-0 gutters-col-v-md-0 gutters-col-v-0\">\n          <!---->\n          <div class=\"h-column h-column-container d-flex h-col-lg-auto h-col-md-auto h-col-auto style-1167-outer style-local-19-c45-outer\">\n            <div data-colibri-id=\"19-c45\" class=\"d-flex h-flex-basis h-column__inner h-px-lg-0 h-px-md-0 h-px-0 v-inner-lg-0 v-inner-md-0 v-inner-0 style-1167 style-local-19-c45 position-relative\">\n              <!---->\n              <!---->\n              <div class=\"w-100 h-y-container h-column__content h-column__v-align flex-basis-100 align-self-lg-start align-self-md-start align-self-start\">\n                <!---->\n                <div data-colibri-id=\"19-c46\" class=\"h-text h-text-component style-1234 style-local-19-c46 position-relative h-element\">\n                  <!---->\n                  <!---->\n                  <div class=\"\">\n                    <h2><span style=\"color: rgb(102, 102, 102); font-weight: 400; font-family: Open Sans;\">Schlie\u00dfzeiten<\/span><\/h2>\n                    <p>\n                      <br>\n                    <\/p>\n                  <\/div>\n                <\/div>\n                <div data-colibri-id=\"19-c47\" class=\"h-text h-text-component style-1358 style-local-19-c47 position-relative h-element\">\n                  <!---->\n                  <!---->\n                  <div class=\"\">\n                    <p>Aktuell sind keine Schlie\u00dfzeiten geplant!<\/p>\n                  <\/div>\n                <\/div>\n                <div data-colibri-id=\"19-c48\" class=\"h-text h-text-component style-1180 style-local-19-c48 position-relative h-element\">\n                  <!---->\n                  <!---->\n                  <div class=\"\">\n                    <p>&nbsp;&nbsp;&nbsp;&nbsp;Derzeit sind tats\u00e4chlich keine Praxis-Schlie\u00dfzeiten geplant. Da jedoch jedeR einmal Erholung ben\u00f6tigt, stimmen wir dies praxisintern ab , um Sie jederzeit bestm\u00f6glichst versorgen zu k\u00f6nnen.<\/p>\n                    <p>\n                      <br>\n                    <\/p>\n                  <\/div>\n                <\/div>\n                <div data-colibri-id=\"19-c49\" class=\"h-text h-text-component style-1181 style-local-19-c49 position-relative h-element\">\n                  <!---->\n                  <!---->\n                  <div class=\"\">\n                    <p>Achtung &#8211; an den gesetzlichen Feiertagen ist stets geschlossen!<\/p>\n                  <\/div>\n                <\/div>\n                <div data-colibri-id=\"19-c50\" class=\"style-1184 style-local-19-c50 position-relative h-element\">\n                  <!---->\n                <\/div>\n                <div data-colibri-id=\"19-c51\" class=\"h-x-container style-1182 style-local-19-c51 position-relative h-element\">\n                  <!---->\n                  <div class=\"h-x-container-inner style-dynamic-19-c51-group style-1182-spacing style-local-19-c51-spacing\"><span class=\"h-button__outer style-1183-outer style-local-19-c52-outer d-inline-flex h-element\"><a h-use-smooth-scroll=\"true\" href=\"https:\/\/nowitzky.eu\/?page_id=2064\"  data-colibri-id=\"19-c52\" class=\"d-flex w-100 align-items-center h-button justify-content-lg-center justify-content-md-center justify-content-center style-1183 style-local-19-c52 position-relative\"><!----><!----> <span>Vertretungen<\/span><\/a>\n                    <\/span>\n                  <\/div>\n                <\/div>\n              <\/div>\n            <\/div>\n          <\/div>\n          <div class=\"h-column h-column-container d-flex h-col-lg-auto h-col-md-auto h-col-auto style-1171-outer style-local-19-c53-outer\">\n            <div data-colibri-id=\"19-c53\" class=\"d-flex h-flex-basis h-column__inner h-ui-empty-state-container h-px-lg-2 h-px-md-2 h-px-2 v-inner-lg-2 v-inner-md-2 v-inner-2 style-1171 style-local-19-c53 position-relative\">\n              <!---->\n              <!---->\n              <div class=\"w-100 h-y-container h-column__content h-column__v-align flex-basis-100\">\n                <!---->\n              <\/div>\n            <\/div>\n          <\/div>\n        <\/div>\n      <\/div>\n      <div data-colibri-id=\"19-c54\" class=\"h-row-container gutters-row-lg-2 gutters-row-md-2 gutters-row-0 gutters-row-v-lg-2 gutters-row-v-md-2 gutters-row-v-2 style-1176 style-local-19-c54 position-relative\">\n        <!---->\n        <div class=\"h-row justify-content-lg-center justify-content-md-center justify-content-center align-items-lg-stretch align-items-md-stretch align-items-stretch gutters-col-lg-2 gutters-col-md-2 gutters-col-0 gutters-col-v-lg-2 gutters-col-v-md-2 gutters-col-v-2\">\n          <!---->\n          <div class=\"h-column h-column-container d-flex h-col-lg-auto h-col-md-auto h-col-auto style-1177-outer style-local-19-c55-outer\">\n            <div data-colibri-id=\"19-c55\" class=\"d-flex h-flex-basis h-column__inner h-ui-empty-state-container h-px-lg-2 h-px-md-2 h-px-2 v-inner-lg-2 v-inner-md-2 v-inner-2 style-1177 style-local-19-c55 position-relative\">\n              <!---->\n              <!---->\n              <div class=\"w-100 h-y-container h-column__content h-column__v-align flex-basis-100\">\n                <!---->\n              <\/div>\n            <\/div>\n          <\/div>\n          <div class=\"h-column h-column-container d-flex h-col-lg-auto h-col-md-auto h-col-auto style-1178-outer style-local-19-c56-outer\">\n            <div data-colibri-id=\"19-c56\" class=\"d-flex h-flex-basis h-column__inner h-ui-empty-state-container h-px-lg-2 h-px-md-2 h-px-2 v-inner-lg-2 v-inner-md-2 v-inner-2 style-1178 style-local-19-c56 position-relative\">\n              <!---->\n              <!---->\n              <div class=\"w-100 h-y-container h-column__content h-column__v-align flex-basis-100\">\n                <!---->\n              <\/div>\n            <\/div>\n          <\/div>\n        <\/div>\n      <\/div>\n    <\/div>\n  <\/div>\n<\/div>","protected":false},"excerpt":{"rendered":"<p>Videosprechstunde Ab sofort haben Sie bei uns die M\u00f6glichkeit Ihre AU-\/Schulbescheinigung oder eine normale Sprechstunde online als Videosprechstunde zu buchen. Onlinebuchung INFLUENZAschutzimpfung immer m\u00f6glich (und sinnvoll!) &#8211; eine der h\u00e4ufigsten Reiseerkrankungen weltweit! Sprechzeiten : Montag Dienstag Mittwoch Donnerstag Freitag 8:00 &#8211; 11:30 Uhr und 15:00 &#8211; 18:00 Uhr 8:00 &#8211; 14:30 Uhr 8:00 &#8211; 13:00 [&hellip;]<\/p>\n","protected":false},"author":1,"featured_media":199,"parent":0,"menu_order":0,"comment_status":"closed","ping_status":"closed","template":"page-templates\/full-width-page.php","meta":{"footnotes":""},"class_list":["post-19","page","type-page","status-publish","has-post-thumbnail","hentry"],"_links":{"self":[{"href":"https:\/\/nowitzky.eu\/index.php?rest_route=\/wp\/v2\/pages\/19","targetHints":{"allow":["GET"]}}],"collection":[{"href":"https:\/\/nowitzky.eu\/index.php?rest_route=\/wp\/v2\/pages"}],"about":[{"href":"https:\/\/nowitzky.eu\/index.php?rest_route=\/wp\/v2\/types\/page"}],"author":[{"embeddable":true,"href":"https:\/\/nowitzky.eu\/index.php?rest_route=\/wp\/v2\/users\/1"}],"replies":[{"embeddable":true,"href":"https:\/\/nowitzky.eu\/index.php?rest_route=%2Fwp%2Fv2%2Fcomments&post=19"}],"version-history":[{"count":20,"href":"https:\/\/nowitzky.eu\/index.php?rest_route=\/wp\/v2\/pages\/19\/revisions"}],"predecessor-version":[{"id":2937,"href":"https:\/\/nowitzky.eu\/index.php?rest_route=\/wp\/v2\/pages\/19\/revisions\/2937"}],"wp:featuredmedia":[{"embeddable":true,"href":"https:\/\/nowitzky.eu\/index.php?rest_route=\/wp\/v2\/media\/199"}],"wp:attachment":[{"href":"https:\/\/nowitzky.eu\/index.php?rest_route=%2Fwp%2Fv2%2Fmedia&parent=19"}],"curies":[{"name":"wp","href":"https:\/\/api.w.org\/{rel}","templated":true}]}}