{"id":22,"date":"2013-02-08T17:21:57","date_gmt":"2013-02-08T15:21:57","guid":{"rendered":"http:\/\/nowitzky.eu\/wordpress\/?page_id=22"},"modified":"2025-12-30T19:19:07","modified_gmt":"2025-12-30T18:19:07","slug":"impressum","status":"publish","type":"page","link":"https:\/\/nowitzky.eu\/?page_id=22","title":{"rendered":"Impressum"},"content":{"rendered":"<div data-colibri-id=\"22-c1\" class=\"style-373 style-local-22-c1 position-relative\">\n  <!---->\n  <div data-colibri-component=\"section\" data-colibri-id=\"22-c6\" id=\"custom\" class=\"h-section h-section-global-spacing d-flex align-items-lg-center align-items-md-center align-items-center style-1436 style-local-22-c6 position-relative\">\n    <!---->\n    <!---->\n    <div class=\"h-section-grid-container h-section-boxed-container\">\n      <!---->\n      <div data-colibri-id=\"22-c7\" class=\"h-row-container gutters-row-lg-2 gutters-row-md-2 gutters-row-0 gutters-row-v-lg-2 gutters-row-v-md-2 gutters-row-v-2 style-1437 style-local-22-c7 position-relative\">\n        <!---->\n        <div class=\"h-row justify-content-lg-center justify-content-md-center justify-content-center align-items-lg-stretch align-items-md-stretch align-items-stretch gutters-col-lg-2 gutters-col-md-2 gutters-col-0 gutters-col-v-lg-2 gutters-col-v-md-2 gutters-col-v-2\">\n          <!---->\n          <div class=\"h-column h-column-container d-flex h-col-lg-auto h-col-md-auto h-col-auto style-1438-outer style-local-22-c8-outer\">\n            <div data-colibri-id=\"22-c8\" class=\"d-flex h-flex-basis h-column__inner h-px-lg-2 h-px-md-2 h-px-2 v-inner-lg-2 v-inner-md-2 v-inner-2 style-1438 style-local-22-c8 position-relative\">\n              <!---->\n              <!---->\n              <div class=\"w-100 h-y-container h-column__content h-column__v-align flex-basis-100 align-self-lg-start align-self-md-start align-self-start\">\n                <!---->\n                <div data-colibri-id=\"22-c10\" class=\"h-text h-text-component style-1440 style-local-22-c10 position-relative h-element\">\n                  <!---->\n                  <!---->\n                  <div class=\"\">\n                    <ul>\n                      <li>Betreiber der Internetseite und verantwortlich im Sinne des Presserechts sowie datenschutzbeauftragt: Praxis f\u00fcr Familienmedizin Michael Roth &#8211; Dr. med. Barbara Nowitzky, Gemeinschaftspraxis (Partnerschaftsgesellschaft)<\/li>\n                      <li>Gesetzliche Berufsbezeichung: \u00c4rztInnen (Staatsexamen der Bundesrepublik Deutschland)<\/li>\n                      <li>Adresse: Schongauer Str. 100, 82380 Pei\u00dfenberg<\/li>\n                      <li>Tel: 08803-3058 \/ 08803-900665<\/li>\n                      <li>Email: praxis@nowitzky.eu, praxis@dr-nowitzky.de, roth@nowitzky.eu<\/li>\n                      <li>zust\u00e4ndige K\u00f6rperschaft des \u00f6ffentlichen Rechts: Bayrische Landes\u00e4rztekammer, M\u00fchlbaurstr. 16, M\u00fcnchen http:\/\/www.blaek.de<\/li>\n                      <li>zust\u00e4ndige Aufsichtsbeh\u00f6rde: Kassen\u00e4rztliche Vereinigung Bayerns, Elsenheimer Str. 39, 80687 M\u00fcnchen http:\/\/ww.kvb.de<\/li>\n                      <li>\u00c4rztliche Berufsordnung: http:\/\/www.blaek.de\/Berufsordnung<\/li>\n                    <\/ul>\n                    <p> <strong>Haftungsauschluss: <\/strong>Die Inhalte auf der Webseite wurden sorgf\u00e4ltig \u00fcberpr\u00fcft und beruhen auf dem jeweils aktuellen Stand. Der Anbieter beh\u00e4lt sich vor, die eingestellten Daten und Informationen jederzeit\n                      <br>und ohne Vorank\u00fcndigung zu bearbeiten und zu aktualisieren. Trotz st\u00e4ndiger \u00dcberarbeitung der Webseite kann keine Haftung oder Garantie f\u00fcr Aktualit\u00e4t, Richtigkeit und Vollst\u00e4ndigkeit der bereitgestellten Informationen\n                      <br>\u00fcbernommen werden. Die auf der Webseite zur Verf\u00fcgung gestellten Dokumente und Grafiken k\u00f6nnen Ungenauigkeiten und typografische Fehler enthalten.Die Inhalte der Webseite sind ausschlie\u00dflich zu Informationszwecken bestimmt.\n                      <br>Die Informationen stellen in keinerweise Ersatz f\u00fcr professionelle Beratungen oder Behandlungen durch den ausgebildeten Facharzt bzw. Fach\u00e4rztin dar. Die Inhalte d\u00fcrfen und k\u00f6nnen nicht f\u00fcr die Erstellung eigenst\u00e4ndiger\n                      <br>Diagnosen oder f\u00fcr die Auswahl und Anwendung von Behandlungsmethoden verwendet werden. F\u00fcr Sch\u00e4den oder Unannehmlichkeiten, die durch den Gebrauch oder Missbrauch dieser Informationen entstehen, kann die Praxis nicht\n                      <br>&#8211; weder direkt noch indirekt &#8211; zur Verantwortung gezogen werden.Trotz sorgf\u00e4ltiger inhaltlicher Kontrolle \u00fcbernimmt der Anbieter keine Haftung f\u00fcr die Inhalte externer Links. F\u00fcr den Inhalt der verlinkten Seiten sind\n                      <br>ausschlie\u00dflich deren Betreiber verantwortlich.<\/p>\n                    <p> <strong>Datenschutzerkl\u00e4rung: <\/strong>Der Schutz Ihrer personenbezogenen Daten bei der Erhebung, Verarbeitung und Nutzung anl\u00e4sslich Ihres Besuchs auf der Homepage ist dem Anbieter ein wichtiges Anliegen. Ihre Daten\n                      <br>werden im Rahmen der gesetzlichen Vorschriften gesch\u00fctzt. Nachfolgend finden Sie Informationen, welche Daten w\u00e4hrend Ihres Besuchs auf der Homepage erfasst und wie diese genutzt werden:&nbsp;Die&nbsp;Erhebung und\n                      <br>Verarbeitung von personenbezogenen Daten erfolgt ausschlie\u00dflich zum Zwecke der medizinischen Heilbehandlung im Rahmen des \u00e4rztlichen Behandlungsvertrages mittels einer Terminvereinbarung bei uns in der Praxis &#8211; somit\n                      <br>nicht auf dieser Internetseite. Cookies werden nicht genutzt. Jeder Zugriff auf&nbsp;die Homepage des Anbieters&nbsp;und jeder Abruf einer auf der Homepage hinterlegten Datei werden protokolliert. Die Speicherung dient\n                      <br>internen systembezogenen und statistischen Zwecken. Protokolliert werden: Name der abgerufenen Datei, Datum und Uhrzeit des Abrufs, \u00fcbertragene Datenmenge, Meldung \u00fcber erfolgreichen Abruf, Webbrowser und anfragende\n                      <br>Domain. Zus\u00e4tzlich werden die IP Adressen der anfragenden Rechner protokolliert.Weitergehende personenbezogene Daten werden nur erfasst, wenn Sie diese Angaben freiwillig, etwa im Rahmen einer Anfrage machen. Die Registrierung\n                      <br>bei Services wie z.B. Erinnerungsdiensten oder Newslettern unterliegen den AGBs und Datenschutzerkl\u00e4rung von www.kinderaerzte-im-netz.de.2. Nutzung und Weitergabe personenbezogener Daten Soweit Sie&nbsp;dem Anbieter&nbsp;personenbezogene\n                      <br>Daten zur Verf\u00fcgung gestellt haben, verwendt er diese nur zur Beantwortung Ihrer Anfragen. Ihre personenbezogenen Daten werden nicht an Dritte weitergegeben oder sonst \u00fcbermittelt. Sie haben das Recht, Ihre Einwilligung\n                      <br>zur Nutzung der Daten jederzeit mit Wirkung f\u00fcr die Zukunft zu widerrufen. Die L\u00f6schung der gespeicherten personenbezogenen Daten erfolgt, wenn Sie Ihre Einwilligung zur Speicherung widerrufen, wenn ihre Kenntnis zur\n                      <br>Erf\u00fcllung des mit der Speicherung verfolgten Zwecks nicht mehr erforderlich ist oder wenn ihre Speicherung aus sonstigen gesetzlichen Gr\u00fcnden unzul\u00e4ssig ist.3. Auskunftsrecht Auf schriftliche Anfrage wird der Anbieter\n                      <br>Sie gern \u00fcber die zu Ihrer Person gespeicherten Daten informieren.Sicherheitshinweis: Der Anbieter ist bem\u00fcht, Ihre personenbezogenen Daten durch Ergreifung aller technischen und organisatorischen M\u00f6glichkeiten so zu\n                      <br>speichern, dass sie f\u00fcr Dritte nicht zug\u00e4nglich sind. Bei unverschl\u00fcsselter Kommunikation per E-Mail kann die vollst\u00e4ndige Datensicherheit vom Anbieter nicht gew\u00e4hrleistet werden, so dass der Anbieter Ihnen bei vertraulichen\n                      <br>Informationen den Postweg empfiehlt.<\/p>\n                    <p>\n                      <br>\n                    <\/p>\n                    <p>\n                      <br>\n                    <\/p>\n                  <\/div>\n                <\/div>\n              <\/div>\n            <\/div>\n          <\/div>\n        <\/div>\n      <\/div>\n    <\/div>\n  <\/div>\n<\/div>","protected":false},"excerpt":{"rendered":"<p>Betreiber der Internetseite und verantwortlich im Sinne des Presserechts sowie datenschutzbeauftragt: Praxis f\u00fcr Familienmedizin Michael Roth &#8211; Dr. med. Barbara Nowitzky, Gemeinschaftspraxis (Partnerschaftsgesellschaft) Gesetzliche Berufsbezeichung: \u00c4rztInnen (Staatsexamen der Bundesrepublik Deutschland) Adresse: Schongauer Str. 100, 82380 Pei\u00dfenberg Tel: 08803-3058 \/ 08803-900665 Email: praxis@nowitzky.eu, praxis@dr-nowitzky.de, roth@nowitzky.eu zust\u00e4ndige K\u00f6rperschaft des \u00f6ffentlichen Rechts: Bayrische Landes\u00e4rztekammer, M\u00fchlbaurstr. 16, M\u00fcnchen http:\/\/www.blaek.de [&hellip;]<\/p>\n","protected":false},"author":1,"featured_media":0,"parent":0,"menu_order":0,"comment_status":"closed","ping_status":"closed","template":"page-templates\/full-width-page.php","meta":{"footnotes":""},"class_list":["post-22","page","type-page","status-publish","hentry"],"_links":{"self":[{"href":"https:\/\/nowitzky.eu\/index.php?rest_route=\/wp\/v2\/pages\/22","targetHints":{"allow":["GET"]}}],"collection":[{"href":"https:\/\/nowitzky.eu\/index.php?rest_route=\/wp\/v2\/pages"}],"about":[{"href":"https:\/\/nowitzky.eu\/index.php?rest_route=\/wp\/v2\/types\/page"}],"author":[{"embeddable":true,"href":"https:\/\/nowitzky.eu\/index.php?rest_route=\/wp\/v2\/users\/1"}],"replies":[{"embeddable":true,"href":"https:\/\/nowitzky.eu\/index.php?rest_route=%2Fwp%2Fv2%2Fcomments&post=22"}],"version-history":[{"count":20,"href":"https:\/\/nowitzky.eu\/index.php?rest_route=\/wp\/v2\/pages\/22\/revisions"}],"predecessor-version":[{"id":2911,"href":"https:\/\/nowitzky.eu\/index.php?rest_route=\/wp\/v2\/pages\/22\/revisions\/2911"}],"wp:attachment":[{"href":"https:\/\/nowitzky.eu\/index.php?rest_route=%2Fwp%2Fv2%2Fmedia&parent=22"}],"curies":[{"name":"wp","href":"https:\/\/api.w.org\/{rel}","templated":true}]}}