{"id":2501,"date":"2024-05-20T14:36:40","date_gmt":"2024-05-20T12:36:40","guid":{"rendered":"https:\/\/nowitzky.eu\/?page_id=2501"},"modified":"2024-05-20T14:42:45","modified_gmt":"2024-05-20T12:42:45","slug":"datenschutz","status":"publish","type":"page","link":"https:\/\/nowitzky.eu\/?page_id=2501","title":{"rendered":"Datenschutz"},"content":{"rendered":"<div data-colibri-id=\"2501-c1\" class=\"style-1338 style-local-2501-c1 position-relative\">\n  <!---->\n  <div data-colibri-component=\"section\" data-colibri-id=\"2501-c2\" id=\"custom\" class=\"h-section h-section-global-spacing d-flex align-items-lg-center align-items-md-center align-items-center style-1339 style-local-2501-c2 position-relative\">\n    <!---->\n    <!---->\n    <div class=\"h-section-grid-container h-section-boxed-container\">\n      <!---->\n      <div data-colibri-id=\"2501-c3\" class=\"h-row-container gutters-row-lg-2 gutters-row-md-2 gutters-row-0 gutters-row-v-lg-2 gutters-row-v-md-2 gutters-row-v-2 style-1342 style-local-2501-c3 position-relative\">\n        <!---->\n        <div class=\"h-row justify-content-lg-center justify-content-md-center justify-content-center align-items-lg-stretch align-items-md-stretch align-items-stretch gutters-col-lg-2 gutters-col-md-2 gutters-col-0 gutters-col-v-lg-2 gutters-col-v-md-2 gutters-col-v-2\">\n          <!---->\n          <div class=\"h-column h-column-container d-flex h-col-lg-auto h-col-md-auto h-col-auto style-1343-outer style-local-2501-c4-outer\">\n            <div data-colibri-id=\"2501-c4\" class=\"d-flex h-flex-basis h-column__inner h-px-lg-2 h-px-md-2 h-px-2 v-inner-lg-2 v-inner-md-2 v-inner-2 style-1343 style-local-2501-c4 position-relative\">\n              <!---->\n              <!---->\n              <div class=\"w-100 h-y-container h-column__content h-column__v-align flex-basis-100 align-self-lg-start align-self-md-start align-self-start\">\n                <!---->\n                <div data-colibri-id=\"2501-c5\" class=\"h-text h-text-component style-1344 style-local-2501-c5 position-relative h-element\">\n                  <!---->\n                  <!---->\n                  <div class=\"\">\n                    <p>Diese Website nutzt den Online-Rezeptionsservicedienst 321 MED f\u00fcr die digitale, online-basierte Kommunikation und Interaktion zwischen Patienten\/-innen und Gesundheitseinrichtungen und\/oder Arztpraxen. Dienstanbieter ist die 321 MED\n                      GmbH, Am heimlichen Grund 5, 92421 Schwandorf.<\/p>\n                    <p>\n                      <br>\n                    <\/p>\n                    <p>321 MED erm\u00f6glicht uns eine unmittelbare Online-Betreuung unserer Patienten\/-innen sowie eine schnelle und unkomplizierte Kommunikation mit unseren Patienten\/-innen. Wenn Sie auf unserer Website \u00fcber unsere Online-Rezeption Daten,\n                      etwa Ihre Kontaktdaten, zum Zwecke des der Kommunikation mit uns eingeben, werden diese auf den Servern von 321 MED in Deutschland gespeichert. Ja nach individueller Konfiguration und Eingabe werden im Rahmen der Nutzung unseres\n                      Online-Rezeptionsdienstes unter Umst\u00e4nden personenbezogene Daten und\/oder Gesundheitsdaten erfasst.<\/p>\n                    <p>\n                      <br>\n                    <\/p>\n                    <p>Die Nutzung von 321 MED erfolgt im Interesse einer ansprechenden Darstellung unserer Online-Angebote sowie der Bereitstellung eines unmittelbaren und schnellen Services. Dies stellt ein berechtigtes Interesse dar, Rechtsgrundlage ist\n                      Art. 6 Abs. 1 lit. f DSGVO. Die Datenverarbeitung mittels 321 MED erfolgt mittels der von Ihnen zur Verf\u00fcgung gestellten\/eingegebenen Daten auf Grundlage Ihrer Einwilligung, Art. 6 Abs. 1 lit. a DSGVO. Soweit Sie optionale Daten\n                      wie Geschlecht oder Gesundheitsdaten angeben, erfolgt die Datenverarbeitung auf Grundlage Ihrer Einwilligung gem. Art. 9 Abs. 2 lit. a DSGVO. <\/p>\n                    <p>\n                      <br>\n                    <\/p>\n                    <p>Wenn Sie nicht m\u00f6chten, dass Ihre Daten an 321 MED \u00fcbertragen werden, k\u00f6nnen Sie Ihre Einwilligung zur Verarbeitung Ihrer personenbezogenen Daten oder Gesundheitsdaten jederzeit durch eine Nachricht an uns widerrufen. Wenn Sie Ihre\n                      Einwilligung widerrufen, werden Ihre Daten bei uns bzw. bei 321 MED gel\u00f6scht. Bitte beachten Sie, dass Sie in diesem Fall aber m\u00f6glicherweise nicht (mehr) s\u00e4mtliche Funktionen unseres Online-Rezeptionsdienstes vollst\u00e4ndig nutzen\n                      k\u00f6nnen. Daten, die zu anderen Zwecken bei uns oder 321 MED gespeichert wurden, bleiben hiervon unber\u00fchrt. Die Rechtm\u00e4\u00dfigkeit bereits erfolgter Datenverarbeitungsvorg\u00e4nge bleibt vom Widerruf unber\u00fchrt.<\/p>\n                    <p>\n                      <br>\n                    <\/p>\n                    <p>Wir haben mit dem Anbieter 321 MED einen datenschutzrechtlich vorgeschriebenen Vertrag \u00fcber Auftragsverarbeitung (AVV) geschlossen. Hierbei handelt es sich um einen Vertrag, der gew\u00e4hrleistet, dass der jeweilige Anbieter personenbezogene\n                      Daten der User unserer Website nur nach unseren Weisungen sowie unter Einhaltung der DSGVO verarbeitet.<\/p>\n                    <p>\n                      <br>\n                    <\/p>\n                    <p>Weitere Informationen zu den via 321 MED verarbeiteten Daten sowie dar\u00fcber, welche Cookies wir verwenden und wie Sie Ihre Cookie-Einstellungen verwalten k\u00f6nnen, finden Sie in der Datenschutzerkl\u00e4rung von 321 MED unter https:\/\/321med.com\/de\/dataprotection.<\/p>\n                  <\/div>\n                <\/div>\n              <\/div>\n            <\/div>\n          <\/div>\n        <\/div>\n      <\/div>\n    <\/div>\n  <\/div>\n<\/div>","protected":false},"excerpt":{"rendered":"<p>Diese Website nutzt den Online-Rezeptionsservicedienst 321 MED f\u00fcr die digitale, online-basierte Kommunikation und Interaktion zwischen Patienten\/-innen und Gesundheitseinrichtungen und\/oder Arztpraxen. Dienstanbieter ist die 321 MED GmbH, Am heimlichen Grund 5, 92421 Schwandorf. 321 MED erm\u00f6glicht uns eine unmittelbare Online-Betreuung unserer Patienten\/-innen sowie eine schnelle und unkomplizierte Kommunikation mit unseren Patienten\/-innen. Wenn Sie auf unserer Website [&hellip;]<\/p>\n","protected":false},"author":3,"featured_media":0,"parent":0,"menu_order":0,"comment_status":"closed","ping_status":"closed","template":"page-templates\/full-width-page.php","meta":{"footnotes":""},"class_list":["post-2501","page","type-page","status-publish","hentry"],"_links":{"self":[{"href":"https:\/\/nowitzky.eu\/index.php?rest_route=\/wp\/v2\/pages\/2501","targetHints":{"allow":["GET"]}}],"collection":[{"href":"https:\/\/nowitzky.eu\/index.php?rest_route=\/wp\/v2\/pages"}],"about":[{"href":"https:\/\/nowitzky.eu\/index.php?rest_route=\/wp\/v2\/types\/page"}],"author":[{"embeddable":true,"href":"https:\/\/nowitzky.eu\/index.php?rest_route=\/wp\/v2\/users\/3"}],"replies":[{"embeddable":true,"href":"https:\/\/nowitzky.eu\/index.php?rest_route=%2Fwp%2Fv2%2Fcomments&post=2501"}],"version-history":[{"count":2,"href":"https:\/\/nowitzky.eu\/index.php?rest_route=\/wp\/v2\/pages\/2501\/revisions"}],"predecessor-version":[{"id":2511,"href":"https:\/\/nowitzky.eu\/index.php?rest_route=\/wp\/v2\/pages\/2501\/revisions\/2511"}],"wp:attachment":[{"href":"https:\/\/nowitzky.eu\/index.php?rest_route=%2Fwp%2Fv2%2Fmedia&parent=2501"}],"curies":[{"name":"wp","href":"https:\/\/api.w.org\/{rel}","templated":true}]}}