{"id":2749,"date":"2025-11-12T10:52:40","date_gmt":"2025-11-12T09:52:40","guid":{"rendered":"https:\/\/nowitzky.eu\/?page_id=2749"},"modified":"2025-11-12T11:46:34","modified_gmt":"2025-11-12T10:46:34","slug":"elektronische-ersatzbescheinigung","status":"publish","type":"page","link":"https:\/\/nowitzky.eu\/?page_id=2749","title":{"rendered":"elektronische Ersatzbescheinigung"},"content":{"rendered":"<div data-colibri-id=\"2749-c1\" class=\"style-1361 style-local-2749-c1 position-relative\">\n  <!---->\n  <div data-colibri-component=\"section\" data-colibri-id=\"2749-c2\" id=\"custom\" class=\"h-section h-section-global-spacing d-flex align-items-lg-center align-items-md-center align-items-center style-1377 style-local-2749-c2 position-relative\">\n    <!---->\n    <!---->\n    <div class=\"h-section-grid-container h-section-boxed-container\">\n      <!---->\n      <div data-colibri-id=\"2749-c3\" class=\"h-row-container gutters-row-lg-2 gutters-row-md-2 gutters-row-0 gutters-row-v-lg-2 gutters-row-v-md-2 gutters-row-v-2 style-1378 style-local-2749-c3 position-relative\">\n        <!---->\n        <div class=\"h-row justify-content-lg-center justify-content-md-center justify-content-center align-items-lg-stretch align-items-md-stretch align-items-stretch gutters-col-lg-2 gutters-col-md-2 gutters-col-0 gutters-col-v-lg-2 gutters-col-v-md-2 gutters-col-v-2\">\n          <!---->\n          <div class=\"h-column h-column-container d-flex h-col-lg-auto h-col-md-auto h-col-auto style-1379-outer style-local-2749-c4-outer\">\n            <div data-colibri-id=\"2749-c4\" class=\"d-flex h-flex-basis h-column__inner h-px-lg-2 h-px-md-2 h-px-2 v-inner-lg-2 v-inner-md-2 v-inner-2 style-1379 style-local-2749-c4 position-relative\">\n              <!---->\n              <!---->\n              <div class=\"w-100 h-y-container h-column__content h-column__v-align flex-basis-100 align-self-lg-start align-self-md-start align-self-start\">\n                <!---->\n                <div data-colibri-id=\"2749-c5\" class=\"h-global-transition-all h-heading style-1380 style-local-2749-c5 position-relative h-element\">\n                  <!---->\n                  <div class=\"h-heading__outer style-1380 style-local-2749-c5\">\n                    <!---->\n                    <!---->\n                    <h1 class=\"\">Was ist die eEB?<\/h1>\n                  <\/div>\n                <\/div>\n              <\/div>\n            <\/div>\n          <\/div>\n        <\/div>\n      <\/div>\n      <div data-colibri-id=\"2749-c6\" class=\"h-row-container gutters-row-lg-2 gutters-row-md-2 gutters-row-0 gutters-row-v-lg-2 gutters-row-v-md-2 gutters-row-v-2 style-1381 style-local-2749-c6 position-relative\">\n        <!---->\n        <div class=\"h-row justify-content-lg-center justify-content-md-center justify-content-center align-items-lg-stretch align-items-md-stretch align-items-stretch gutters-col-lg-2 gutters-col-md-2 gutters-col-0 gutters-col-v-lg-2 gutters-col-v-md-2 gutters-col-v-2\">\n          <!---->\n          <div class=\"h-column h-column-container d-flex h-col-lg-auto h-col-md-auto h-col-auto style-1382-outer style-local-2749-c7-outer\">\n            <div data-colibri-id=\"2749-c7\" class=\"d-flex h-flex-basis h-column__inner h-px-lg-2 h-px-md-2 h-px-2 v-inner-lg-2 v-inner-md-2 v-inner-2 style-1382 style-local-2749-c7 position-relative\">\n              <!---->\n              <!---->\n              <div class=\"w-100 h-y-container h-column__content h-column__v-align flex-basis-100 align-self-lg-start align-self-md-start align-self-start\">\n                <!---->\n                <div data-colibri-id=\"2749-c8\" class=\"h-text h-text-component style-1383 style-local-2749-c8 position-relative h-element\">\n                  <!---->\n                  <!---->\n                  <div class=\"\">\n                    <ul>\n                      <li><span style=\"font-weight: 600;\">Die elektronische Ersatzbescheinigung kurz eEB ist ein digitaler Versicherungsnachweis, der digital und online an Ihren Gesundheitsversorger \u00fcbermittelt werden kann. Somit kann sie als Ersatz f\u00fcr Ihre physische Gesundheitkarte verwendet werden.<\/span><\/li>\n                    <\/ul>\n                  <\/div>\n                <\/div>\n              <\/div>\n            <\/div>\n          <\/div>\n        <\/div>\n      <\/div>\n      <div data-colibri-id=\"2749-c15\" class=\"h-row-container gutters-row-lg-2 gutters-row-md-2 gutters-row-0 gutters-row-v-lg-2 gutters-row-v-md-2 gutters-row-v-2 style-1390 style-local-2749-c15 position-relative\">\n        <!---->\n        <div class=\"h-row justify-content-lg-center justify-content-md-center justify-content-center align-items-lg-stretch align-items-md-stretch align-items-stretch gutters-col-lg-2 gutters-col-md-2 gutters-col-0 gutters-col-v-lg-2 gutters-col-v-md-2 gutters-col-v-2\">\n          <!---->\n          <div class=\"h-column h-column-container d-flex h-col-lg-auto h-col-md-auto h-col-auto style-1391-outer style-local-2749-c16-outer\">\n            <div data-colibri-id=\"2749-c16\" class=\"d-flex h-flex-basis h-column__inner h-px-lg-2 h-px-md-2 h-px-2 v-inner-lg-2 v-inner-md-2 v-inner-2 style-1391 style-local-2749-c16 position-relative\">\n              <!---->\n              <!---->\n              <div class=\"w-100 h-y-container h-column__content h-column__v-align flex-basis-100 align-self-lg-start align-self-md-start align-self-start\">\n                <!---->\n                <div data-colibri-id=\"2749-c17\" class=\"h-global-transition-all h-heading style-1392 style-local-2749-c17 position-relative h-element\">\n                  <!---->\n                  <div class=\"h-heading__outer style-1392 style-local-2749-c17\">\n                    <!---->\n                    <!---->\n                    <h1 class=\"\">Was muss ich daf\u00fcr machen?<\/h1>\n                  <\/div>\n                <\/div>\n              <\/div>\n            <\/div>\n          <\/div>\n        <\/div>\n      <\/div>\n      <div data-colibri-id=\"2749-c18\" class=\"h-row-container gutters-row-lg-2 gutters-row-md-2 gutters-row-0 gutters-row-v-lg-2 gutters-row-v-md-2 gutters-row-v-2 style-1393 style-local-2749-c18 position-relative\">\n        <!---->\n        <div class=\"h-row justify-content-lg-center justify-content-md-center justify-content-center align-items-lg-stretch align-items-md-stretch align-items-stretch gutters-col-lg-2 gutters-col-md-2 gutters-col-0 gutters-col-v-lg-2 gutters-col-v-md-2 gutters-col-v-2\">\n          <!---->\n          <div class=\"h-column h-column-container d-flex h-col-lg-auto h-col-md-auto h-col-auto style-1394-outer style-local-2749-c19-outer\">\n            <div data-colibri-id=\"2749-c19\" class=\"d-flex h-flex-basis h-column__inner h-px-lg-2 h-px-md-2 h-px-2 v-inner-lg-2 v-inner-md-2 v-inner-2 style-1394 style-local-2749-c19 position-relative\">\n              <!---->\n              <!---->\n              <div class=\"w-100 h-y-container h-column__content h-column__v-align flex-basis-100 align-self-lg-start align-self-md-start align-self-start\">\n                <!---->\n                <div data-colibri-id=\"2749-c20\" class=\"h-text h-text-component style-1395 style-local-2749-c20 position-relative h-element\">\n                  <!---->\n                  <!---->\n                  <div class=\"\">\n                    <ul>\n                      <li><span style=\"font-weight: 600;\">Abh\u00e4ngig von Ihrer Krankenkasse m\u00fcssen Sie in der App oder den Onlineservices Ihrer Kasse registriert sein.<\/span><\/li>\n                      <li><span style=\"font-weight: 600;\">Um die eEB an uns zu \u00fcbermitteln m\u00fcssen Sie dann entweder vor Ort in unserer Praxis einen bereitgestellten QR-Code scannen oder auf den untenstehenden Button klicken und auf der nun ge\u00f6ffneten Internetseite den weiteren Anweisungen und Schritten folgen.<\/span><\/li>\n                    <\/ul>\n                    <p>\n                      <br>\n                    <\/p>\n                  <\/div>\n                <\/div>\n              <\/div>\n            <\/div>\n          <\/div>\n        <\/div>\n      <\/div>\n      <div data-colibri-id=\"2749-c12\" class=\"h-row-container gutters-row-lg-2 gutters-row-md-2 gutters-row-0 gutters-row-v-lg-2 gutters-row-v-md-2 gutters-row-v-2 style-1387 style-local-2749-c12 position-relative\">\n        <!---->\n        <div class=\"h-row justify-content-lg-center justify-content-md-center justify-content-center align-items-lg-stretch align-items-md-stretch align-items-stretch gutters-col-lg-2 gutters-col-md-2 gutters-col-0 gutters-col-v-lg-2 gutters-col-v-md-2 gutters-col-v-2\">\n          <!---->\n          <div class=\"h-column h-column-container d-flex h-col-lg-auto h-col-md-auto h-col-auto style-1388-outer style-local-2749-c13-outer\">\n            <div data-colibri-id=\"2749-c13\" class=\"d-flex h-flex-basis h-column__inner h-px-lg-2 h-px-md-2 h-px-2 v-inner-lg-2 v-inner-md-2 v-inner-2 style-1388 style-local-2749-c13 position-relative\">\n              <!---->\n              <!---->\n              <div class=\"w-100 h-y-container h-column__content h-column__v-align flex-basis-100 align-self-lg-start align-self-md-start align-self-start\">\n                <!---->\n                <div data-colibri-id=\"2749-c21\" class=\"h-x-container style-1396 style-local-2749-c21 position-relative h-element\">\n                  <!---->\n                  <div class=\"h-x-container-inner style-dynamic-2749-c21-group style-1396-spacing style-local-2749-c21-spacing\"><span class=\"h-button__outer style-1397-outer style-local-2749-c22-outer d-inline-flex h-element\"><a h-use-smooth-scroll=\"true\" href=\"https:\/\/www.praxis-check-in.de\/?mail=praxisnowitzky@dal.kim.telematik\"  data-colibri-id=\"2749-c22\" class=\"d-flex w-100 align-items-center h-button justify-content-lg-center justify-content-md-center justify-content-center style-1397 style-local-2749-c22 position-relative\" target=\"_blank\"><!----><span  class=\"h-svg-icon h-button__icon style-1397-icon style-local-2749-c22-icon\"><!--Icon by Font Awesome (https:\/\/fontawesome.com)-->\n    <svg version=\"1.1\" xmlns=\"http:\/\/www.w3.org\/2000\/svg\" xmlns:xlink=\"http:\/\/www.w3.org\/1999\/xlink\" id=\"vcard-o\" viewBox=\"0 0 2048 1896.0833\">\n      <path d=\"M1024 1131q0 64-37 106.5t-91 42.5H384q-54 0-91-42.5T256 1131t9-117.5 29.5-103 60.5-78 97-28.5q6 4 30 18t37.5 21.5T555 861t43 14.5 42 4.5 42-4.5 43-14.5 35.5-17.5T798 822t30-18q57 0 97 28.5t60.5 78 29.5 103 9 117.5zM867 611q0 94-66.5 160.5T640 838t-160.5-66.5T413 611t66.5-160.5T640 384t160.5 66.5T867 611zm925 445v64q0 14-9 23t-23 9h-576q-14 0-23-9t-9-23v-64q0-14 9-23t23-9h576q14 0 23 9t9 23zm0-252v56q0 15-10.5 25.5T1756 896h-568q-15 0-25.5-10.5T1152 860v-56q0-15 10.5-25.5T1188 768h568q15 0 25.5 10.5T1792 804zm0-260v64q0 14-9 23t-23 9h-576q-14 0-23-9t-9-23v-64q0-14 9-23t23-9h576q14 0 23 9t9 23zm128 960V288q0-13-9.5-22.5T1888 256H160q-13 0-22.5 9.5T128 288v1216q0 13 9.5 22.5t22.5 9.5h352v-96q0-14 9-23t23-9h64q14 0 23 9t9 23v96h768v-96q0-14 9-23t23-9h64q14 0 23 9t9 23v96h352q13 0 22.5-9.5t9.5-22.5zm128-1216v1216q0 66-47 113t-113 47H160q-66 0-113-47T0 1504V288q0-66 47-113t113-47h1728q66 0 113 47t47 113z\"><\/path>\n    <\/svg><\/span> <span>elektronische Ersatzbescheinigung<\/span><\/a>\n                    <\/span>\n                  <\/div>\n                <\/div>\n              <\/div>\n            <\/div>\n          <\/div>\n        <\/div>\n      <\/div>\n    <\/div>\n  <\/div>\n<\/div>","protected":false},"excerpt":{"rendered":"<p>Was ist die eEB? Die elektronische Ersatzbescheinigung kurz eEB ist ein digitaler Versicherungsnachweis, der digital und online an Ihren Gesundheitsversorger \u00fcbermittelt werden kann. Somit kann sie als Ersatz f\u00fcr Ihre physische Gesundheitkarte verwendet werden. Was muss ich daf\u00fcr machen? Abh\u00e4ngig von Ihrer Krankenkasse m\u00fcssen Sie in der App oder den Onlineservices Ihrer Kasse registriert sein. [&hellip;]<\/p>\n","protected":false},"author":3,"featured_media":0,"parent":0,"menu_order":0,"comment_status":"closed","ping_status":"closed","template":"page-templates\/full-width-page.php","meta":{"footnotes":""},"class_list":["post-2749","page","type-page","status-publish","hentry"],"_links":{"self":[{"href":"https:\/\/nowitzky.eu\/index.php?rest_route=\/wp\/v2\/pages\/2749","targetHints":{"allow":["GET"]}}],"collection":[{"href":"https:\/\/nowitzky.eu\/index.php?rest_route=\/wp\/v2\/pages"}],"about":[{"href":"https:\/\/nowitzky.eu\/index.php?rest_route=\/wp\/v2\/types\/page"}],"author":[{"embeddable":true,"href":"https:\/\/nowitzky.eu\/index.php?rest_route=\/wp\/v2\/users\/3"}],"replies":[{"embeddable":true,"href":"https:\/\/nowitzky.eu\/index.php?rest_route=%2Fwp%2Fv2%2Fcomments&post=2749"}],"version-history":[{"count":8,"href":"https:\/\/nowitzky.eu\/index.php?rest_route=\/wp\/v2\/pages\/2749\/revisions"}],"predecessor-version":[{"id":2803,"href":"https:\/\/nowitzky.eu\/index.php?rest_route=\/wp\/v2\/pages\/2749\/revisions\/2803"}],"wp:attachment":[{"href":"https:\/\/nowitzky.eu\/index.php?rest_route=%2Fwp%2Fv2%2Fmedia&parent=2749"}],"curies":[{"name":"wp","href":"https:\/\/api.w.org\/{rel}","templated":true}]}}