{"id":43,"date":"2013-02-11T18:45:13","date_gmt":"2013-02-11T16:45:13","guid":{"rendered":"http:\/\/nowitzky.eu\/wordpress\/?page_id=43"},"modified":"2023-08-01T21:42:07","modified_gmt":"2023-08-01T19:42:07","slug":"homoopathie","status":"publish","type":"page","link":"https:\/\/nowitzky.eu\/?page_id=43","title":{"rendered":"Hom\u00f6opathie"},"content":{"rendered":"<div data-colibri-id=\"43-c1\" class=\"style-307 style-local-43-c1 position-relative\">\n  <!---->\n  <div data-colibri-component=\"section\" data-colibri-id=\"43-c2\" id=\"initial-content\" class=\"h-section h-section-global-spacing d-flex align-items-lg-center align-items-md-center align-items-center style-308 style-local-43-c2 position-relative\">\n    <!---->\n    <!---->\n    <div class=\"h-section-grid-container h-section-boxed-container\">\n      <!---->\n      <div data-colibri-id=\"43-c6\" class=\"h-row-container gutters-row-lg-2 gutters-row-md-2 gutters-row-0 gutters-row-v-lg-2 gutters-row-v-md-2 gutters-row-v-2 style-1036 style-local-43-c6 position-relative\">\n        <!---->\n        <div class=\"h-row justify-content-lg-center justify-content-md-center justify-content-center align-items-lg-stretch align-items-md-stretch align-items-stretch gutters-col-lg-2 gutters-col-md-2 gutters-col-0 gutters-col-v-lg-2 gutters-col-v-md-2 gutters-col-v-2\">\n          <!---->\n          <div class=\"h-column h-column-container d-flex h-col-lg-auto h-col-md-auto h-col-auto style-1037-outer style-local-43-c7-outer\">\n            <div data-colibri-id=\"43-c7\" class=\"d-flex h-flex-basis h-column__inner h-px-lg-2 h-px-md-2 h-px-2 v-inner-lg-2 v-inner-md-2 v-inner-2 style-1037 style-local-43-c7 position-relative\">\n              <!---->\n              <!---->\n              <div class=\"w-100 h-y-container h-column__content h-column__v-align flex-basis-100 align-self-lg-start align-self-md-start align-self-start\">\n                <!---->\n                <div data-colibri-id=\"43-c9\" class=\"h-text h-text-component style-1039 style-local-43-c9 position-relative h-element\">\n                  <!---->\n                  <!---->\n                  <div class=\"\">\n                    <p>\u00dcber 50% aller gesetzlich Versicherten haben eine Kasse gew\u00e4hlt, die im Rahmen der sog. Selektivvertr\u00e4ge auch eine klassisch-hom\u00f6opathische Behandlung bezahlt. Diese Versorgungsform \u00e4hnelt den \u00fcblichen&nbsp;\u201cHausarztvertr\u00e4gen\u201d, weil\n                      sie den hom\u00f6opathisch behandelnden Hausarzt als Koordinator der gesamten ambulanten Behandlung eines Patienten beauftragt. Ich behandle Sie bevorzugt auf Ihren Wunsch hin im Rahmen der hom\u00f6opathischen Hausarztvertr\u00e4ge nach den Prinzipien\n                      der klassischen Hom\u00f6opathie. Selbstverst\u00e4ndlich stehen Ihnen ZUS\u00c4TZLICH zur Hom\u00f6opathie alle anderen Leistungen einer regul\u00e4ren haus\u00e4rztlichen Versorgung zur Verf\u00fcgung. Die genaue Gewichtung der jeweiligen Therapiem\u00f6glichkeiten in\n                      Ihrer individuellen&nbsp;Behandlung h\u00e4ngt u.a. von der Erkrankung, deren genauem Verlauf und der vorhergegangenen Beschwerdedauer ab. Gerne kl\u00e4re ich Ihre konkreten Fragen in einem pers\u00f6nlichen Gespr\u00e4ch vorab. Vereinbaren Sie dazu\n                      bitte einen Praxis- oder Telefontermin.<\/p>\n                    <p>Ob Ihre eigene Krankenkasse derzeit an der hom\u00f6opathischen Versorgung teilnimmt, k\u00f6nnen Sie entweder bei uns in der Praxis oder auch bei Ihrer Krankenkasse direkt erfragen.<\/p>\n                    <p>Was beeinhaltet eine hom\u00f6opathische Therapie im Rahmen der \u201chom\u00f6opathischen Hausarztvertr\u00e4ge\u201d zus\u00e4tzlich?&nbsp;Zun\u00e4chst haben Sie Anspruch auf ein grunds\u00e4tzliches Beratungsgespr\u00e4ch. Anschlie\u00dfend m\u00fcssen sich die Versicherten der meisten\n                      Kassen in der Praxis selbst in den entsprechenden Vertrag einschreiben. Bei einigen wenige Kassen muss der Versicherte die Formalit\u00e4ten selbst an die Kasse schicken, bei anderen versendet sie die behandelnde Praxis. Einige Kassen\n                      erm\u00f6glichen vorab eine sofortige Behandlung akuter Beschwerden, aber meist muss der Patient zun\u00e4chst eingeschrieben sein, um entsprechende Leistungen in Anspruch nehmen zu k\u00f6nnen.<\/p>\n                    <p>Zun\u00e4chst wird dann m\u00f6glichst bald ein Termin f\u00fcr ein ausf\u00fchrliches Erstgespr\u00e4ch (Erstanamnese) \u00fcber ca. eine Stunde vereinbart (bei Kindern ca 30 Min), in welchem Ihre pers\u00f6nliche Krankengeschichte (Kinderkrankheiten, Impfungen, Krankenhausaufenthalte,\n                      Allergien) sehr ausf\u00fchrlich erhoben wird. Bitte halten Sie diesen Termin sehr p\u00fcnktlich ein und bringen Sie evtl. vorhandene Vorbefunde und Arztberichte sowie eine vollst\u00e4ndige Auflistung Ihrer Medikation&nbsp;mit. Zus\u00e4tzlich sind\n                      Informationen zum pers\u00f6nlichen und famili\u00e4ren Umfeld und zu Krankheiten in der Herkunftsfamilie wichtig. Je nach Verlauf und Beschwerden sind (i.d. R. k\u00fcrzere) Folgetermine n\u00f6tig. Manches kann auch telefonisch besprochen werden.<\/p>\n                    <p>Grunds\u00e4tzlich reserviere ich l\u00e4ngere Termine (u.a. f\u00fcr Erstanamnesen) ausschlie\u00dflich f\u00fcr Sie \u2013 eventuelle Terminabsagen erbitte ich deshalb mindestens 24h im Voraus \u2013 ansonsten bin ich gezwungen, Ihnen eine Aufwandsentsch\u00e4digung&nbsp;nach\n                      der \u00e4rztlichen Geb\u00fchrenordnung privat in Rechnung zu stellen.<\/p>\n                    <p>Wenn Sie allgemeine Fragen zur \u201cWelt der Hom\u00f6opathie\u201d haben, k\u00f6nnen Sie sich unter anderem auf&nbsp;\n                      <a href=\"http:\/\/www.xn--homopathie-online-1zb.info\" style=\"color: rgb(51, 102, 255); font-family: &quot;Open Sans&quot;; font-weight: 400; font-size: 1em;\"\n                        class=\"customize-unpreviewable\">www.hom\u00f6opathie-online.info<\/a>&nbsp;oder&nbsp;&nbsp;\n                      <a href=\"http:\/\/www.xn--welt-der-homopathie-16b.de\" style=\"font-family: &quot;Open Sans&quot;; font-weight: 400; font-size: 1em; color: rgb(51, 102, 255);\" class=\"customize-unpreviewable\">www.dzvhae.de\/<\/a>&nbsp;informieren.<\/p>\n                    <p>Wir freuen uns auf Sie!<\/p>\n                    <p><span style=\"color: rgb(0, 128, 128);\">NB: Die in meiner Praxis zur Anwendung kommende hom\u00f6opathische Behandlungsmethode stammt aus der Erfahrungsmedizin. Diese bereits seit ca. 200 Jahren etablierte, urspr\u00fcnglich rein \u00e4rztliche Therapie ist zwar zunehmend besser erforscht, jedoch gilt ihre Wirksamkeit nach den Grunds\u00e4tzen der evidenzbasierten \u201cSchulmedizin\u201d wissenschaftlich noch immer nicht als hinreichend abgesichert. Es existieren jedoch bereits eine Vielzahl randomisierter, kontrollierter Studien sowie einige \u00fcbergreifende Metaanalysen mit positivem Wirkungsnachweis. Eine \u00dcbersicht zur aktuellen Studienlage liegt bei mir in der Praxis aus und kann gerne eingesehen werden. Wie bei jeder medizinischen Behandlung kann nicht der Erfolg, sondern nur die sorgf\u00e4ltige, nach den Regeln der \u00e4rztlichen Kunst erfolgte Durchf\u00fchrung einer Therapie gew\u00e4hrleistet werden!<\/span><\/p>\n                    <p>\n                      <br>\n                    <\/p>\n                  <\/div>\n                <\/div>\n              <\/div>\n            <\/div>\n          <\/div>\n        <\/div>\n      <\/div>\n      <div data-colibri-id=\"43-c43\" class=\"h-row-container gutters-row-lg-2 gutters-row-md-2 gutters-row-0 gutters-row-v-lg-2 gutters-row-v-md-2 gutters-row-v-2 style-1054 style-local-43-c43 position-relative\">\n        <!---->\n        <div class=\"h-row justify-content-lg-center justify-content-md-center justify-content-center align-items-lg-stretch align-items-md-stretch align-items-stretch gutters-col-lg-2 gutters-col-md-2 gutters-col-0 gutters-col-v-lg-2 gutters-col-v-md-2 gutters-col-v-2\">\n          <!---->\n          <div class=\"h-column h-column-container d-flex h-col-lg-auto h-col-md-auto h-col-auto style-1055-outer style-local-43-c44-outer\">\n            <div data-colibri-id=\"43-c44\" class=\"d-flex h-flex-basis h-column__inner h-px-lg-2 h-px-md-2 h-px-2 v-inner-lg-2 v-inner-md-2 v-inner-2 style-1055 style-local-43-c44 position-relative\">\n              <!---->\n              <!---->\n              <div class=\"w-100 h-y-container h-column__content h-column__v-align flex-basis-100 align-self-lg-start align-self-md-start align-self-start\">\n                <!---->\n                <div data-colibri-id=\"43-c46\" class=\"h-text h-text-component style-1057 style-local-43-c46 position-relative h-element\">\n                  <!---->\n                  <!---->\n                  <div class=\"\">\n                    <h1>Weiterf\u00fchrende Links zum Thema Hom\u00f6opathie:<\/h1>\n                    <ul>\n                      <li><strong>DZVh\u00c4<\/strong>&nbsp;Berufsverband hom\u00f6opathischer \u00c4rzte: Gesundheitspolitik, Forschung, Informationen zur Hom\u00f6opathie:<\/li>\n                    <\/ul>\n                    <p>\n                      <a href=\"https:\/\/www.facebook.com\/dzvhae\" style=\"color: rgb(2, 110, 159); font-size: 1em; font-weight: 400; font-family: &quot;Open Sans&quot;;\" class=\"customize-unpreviewable\">https:\/\/www.facebook.com\/dzvhae\/<\/a>\n                    <\/p>\n                    <p>\n                      <a href=\"https:\/\/twitter.com\/DZVhAe\" style=\"color: rgb(2, 110, 159); font-size: 1em; font-weight: 400; font-family: &quot;Open Sans&quot;;\" class=\"customize-unpreviewable\">https:\/\/twitter.com\/DZVhAe<\/a>\n                    <\/p>\n                    <ul>\n                      <li><strong>Hom\u00f6opathie Online (DZVh\u00c4):&nbsp;<\/strong>berichtet verst\u00e4ndlich und anspruchsvoll \u00fcber Hom\u00f6opathie<strong>.<\/strong><\/li>\n                    <\/ul>\n                    <p>\n                      <a href=\"https:\/\/www.facebook.com\/hmpth.online\" style=\"color: rgb(2, 110, 159); font-size: 1em; font-weight: 400; font-family: &quot;Open Sans&quot;;\" class=\"customize-unpreviewable\">https:\/\/www.facebook.com\/hmpth.online\/<\/a>\n                    <\/p>\n                    <ul>\n                      <li><strong>European Federation of Homeopathic Patients Associations<\/strong>&nbsp;vertritt europaweit Hom\u00f6opathiepatientInnen und f\u00f6rdert die Bildung von Interessensgruppen.<\/li>\n                    <\/ul>\n                    <p>\n                      <a href=\"https:\/\/www.facebook.com\/European-Federation-of-Homeopathic-Patients-Associations-EFHPA-488616111345410\" style=\"color: rgb(2, 110, 159); font-size: 1em; font-weight: 400; font-family: &quot;Open Sans&quot;;\" class=\"customize-unpreviewable\">https:\/\/www.facebook.com\/European-Federation-of-Homeopathic-Patients-Associations-EFHPA-488616111345410\/<\/a>\n                    <\/p>\n                    <p>\n                      <a href=\"https:\/\/twitter.com\/EFHPAeu\" style=\"color: rgb(2, 110, 159); font-size: 1em; font-weight: 400; font-family: &quot;Open Sans&quot;;\" class=\"customize-unpreviewable\">https:\/\/twitter.com\/EFHPAeu<\/a>\n                    <\/p>\n                    <ul>\n                      <li>Das&nbsp;<strong>Homeopathy Research Institute<\/strong>&nbsp;(HRI) f\u00f6rdert qualitativ hochwertige Forschung im Bereich der Homo\u00f6pathie.<\/li>\n                    <\/ul>\n                    <p>\n                      <a href=\"https:\/\/www.facebook.com\/Homeopathy-Research-Institute-149919208404782\" style=\"color: rgb(2, 110, 159); font-size: 1em; font-weight: 400; font-family: &quot;Open Sans&quot;;\" class=\"customize-unpreviewable\">https:\/\/www.facebook.com\/Homeopathy-Research-Institute-149919208404782\/<\/a>\n                    <\/p>\n                    <p>\n                      <a href=\"https:\/\/twitter.com\/HRIresearch\" style=\"color: rgb(2, 110, 159); font-size: 1em; font-weight: 400; font-family: &quot;Open Sans&quot;;\" class=\"customize-unpreviewable\">https:\/\/twitter.com\/HRIresearch<\/a>\n                    <\/p>\n                    <ul>\n                      <li><strong>Carstens-Stiftung<\/strong>&nbsp;\u2013&nbsp;Naturheilkunde und Hom\u00f6opathie. Erforschen. Erkl\u00e4ren. Erleben.<\/li>\n                    <\/ul>\n                    <p>\n                      <a href=\"https:\/\/www.facebook.com\/redaktion.carstensstiftung\" style=\"color: rgb(2, 110, 159); font-size: 1em; font-weight: 400; font-family: &quot;Open Sans&quot;;\" class=\"customize-unpreviewable\">https:\/\/www.facebook.com\/redaktion.carstensstiftung\/<\/a>\n                    <\/p>\n                    <p>\n                      <a href=\"https:\/\/twitter.com\/CarstensSt\" style=\"color: rgb(2, 110, 159); font-size: 1em; font-weight: 400; font-family: &quot;Open Sans&quot;;\" class=\"customize-unpreviewable\">https:\/\/twitter.com\/CarstensSt<\/a>\n                    <\/p>\n                    <ul>\n                      <li><strong>Jens Behnke&nbsp;<\/strong>Redakteur bei der Carstens-Stifung<\/li>\n                    <\/ul>\n                    <p>\n                      <a href=\"https:\/\/www.facebook.com\/dr.jens.behnke\" style=\"color: rgb(2, 110, 159); font-size: 1em; font-weight: 400; font-family: &quot;Open Sans&quot;;\" class=\"customize-unpreviewable\">https:\/\/www.facebook.com\/dr.jens.behnke<\/a>\n                    <\/p>\n                    <p>\n                      <a href=\"https:\/\/twitter.com\/JensBehnkeDE\" style=\"color: rgb(2, 110, 159); font-size: 1em; font-weight: 400; font-family: &quot;Open Sans&quot;;\" class=\"customize-unpreviewable\">https:\/\/twitter.com\/JensBehnkeDE<\/a>\n                    <\/p>\n                    <ul>\n                      <li>Das&nbsp;<strong>ECH<\/strong>&nbsp;representiert europaweit alle auf Homo\u00f6pathie spezialisierten \u00c4rzte.<\/li>\n                    <\/ul>\n                    <p>\n                      <a href=\"https:\/\/www.facebook.com\/ECHHomeopathy\" style=\"color: rgb(2, 110, 159); font-size: 1em; font-weight: 400; font-family: &quot;Open Sans&quot;;\" class=\"customize-unpreviewable\">https:\/\/www.facebook.com\/ECHHomeopathy\/<\/a>\n                    <\/p>\n                    <p>\n                      <a href=\"https:\/\/twitter.com\/ECHhomeopathy\" style=\"color: rgb(2, 110, 159); font-size: 1em; font-weight: 400; font-family: &quot;Open Sans&quot;;\" class=\"customize-unpreviewable\">https:\/\/twitter.com\/ECHhomeopathy<\/a>\n                    <\/p>\n                    <ul>\n                      <li><strong>Hom\u00f6opathie TV<\/strong>&nbsp;zeigt Interviews und Themenbeitr\u00e4ge rund um die Hom\u00f6opathie.<\/li>\n                    <\/ul>\n                    <p>\n                      <a href=\"https:\/\/twitter.com\/HomoeopathieTV\" style=\"color: rgb(2, 110, 159); font-size: 1em; font-weight: 400; font-family: &quot;Open Sans&quot;;\" class=\"customize-unpreviewable\">https:\/\/twitter.com\/HomoeopathieTV<\/a>\n                    <\/p>\n                    <ul>\n                      <li><strong>IJHDR<\/strong>&nbsp;ist eine opan-access Zeitschrift, welche sich mit dem Forschungsfeld Homo\u00f6pathie besch\u00e4ftigt.<\/li>\n                    <\/ul>\n                    <p>\n                      <a href=\"https:\/\/www.facebook.com\/highdilution\" style=\"color: rgb(2, 110, 159); font-size: 1em; font-weight: 400; font-family: &quot;Open Sans&quot;;\" class=\"customize-unpreviewable\">https:\/\/www.facebook.com\/highdilution\/<\/a>\n                    <\/p>\n                    <p>\n                      <a href=\"https:\/\/twitter.com\/IJHDR\" style=\"color: rgb(2, 110, 159); font-size: 1em; font-weight: 400; font-family: &quot;Open Sans&quot;;\" class=\"customize-unpreviewable\">https:\/\/twitter.com\/IJHDR<\/a>\n                    <\/p>\n                    <p>\n                      <br>\n                    <\/p>\n                  <\/div>\n                <\/div>\n              <\/div>\n            <\/div>\n          <\/div>\n        <\/div>\n      <\/div>\n    <\/div>\n  <\/div>\n<\/div>","protected":false},"excerpt":{"rendered":"<p>\u00dcber 50% aller gesetzlich Versicherten haben eine Kasse gew\u00e4hlt, die im Rahmen der sog. Selektivvertr\u00e4ge auch eine klassisch-hom\u00f6opathische Behandlung bezahlt. Diese Versorgungsform \u00e4hnelt den \u00fcblichen&nbsp;\u201cHausarztvertr\u00e4gen\u201d, weil sie den hom\u00f6opathisch behandelnden Hausarzt als Koordinator der gesamten ambulanten Behandlung eines Patienten beauftragt. Ich behandle Sie bevorzugt auf Ihren Wunsch hin im Rahmen der hom\u00f6opathischen Hausarztvertr\u00e4ge nach den [&hellip;]<\/p>\n","protected":false},"author":1,"featured_media":0,"parent":0,"menu_order":0,"comment_status":"closed","ping_status":"closed","template":"page-templates\/full-width-page.php","meta":{"footnotes":""},"class_list":["post-43","page","type-page","status-publish","hentry"],"_links":{"self":[{"href":"https:\/\/nowitzky.eu\/index.php?rest_route=\/wp\/v2\/pages\/43","targetHints":{"allow":["GET"]}}],"collection":[{"href":"https:\/\/nowitzky.eu\/index.php?rest_route=\/wp\/v2\/pages"}],"about":[{"href":"https:\/\/nowitzky.eu\/index.php?rest_route=\/wp\/v2\/types\/page"}],"author":[{"embeddable":true,"href":"https:\/\/nowitzky.eu\/index.php?rest_route=\/wp\/v2\/users\/1"}],"replies":[{"embeddable":true,"href":"https:\/\/nowitzky.eu\/index.php?rest_route=%2Fwp%2Fv2%2Fcomments&post=43"}],"version-history":[{"count":20,"href":"https:\/\/nowitzky.eu\/index.php?rest_route=\/wp\/v2\/pages\/43\/revisions"}],"predecessor-version":[{"id":1694,"href":"https:\/\/nowitzky.eu\/index.php?rest_route=\/wp\/v2\/pages\/43\/revisions\/1694"}],"wp:attachment":[{"href":"https:\/\/nowitzky.eu\/index.php?rest_route=%2Fwp%2Fv2%2Fmedia&parent=43"}],"curies":[{"name":"wp","href":"https:\/\/api.w.org\/{rel}","templated":true}]}}