{"id":5,"date":"2013-02-08T17:12:54","date_gmt":"2013-02-08T16:12:54","guid":{"rendered":"http:\/\/nowitzky.eu\/wordpress\/?page_id=5"},"modified":"2026-04-07T21:35:08","modified_gmt":"2026-04-07T19:35:08","slug":"hier-entsteht-meine-internetprasenz","status":"publish","type":"page","link":"https:\/\/nowitzky.eu\/","title":{"rendered":"Willkommen in Ihrer Praxis!"},"content":{"rendered":"<div data-colibri-id=\"5-c1\" class=\"style-482 style-local-5-c1 position-relative\">\n  <!---->\n  <div data-colibri-component=\"section\" data-colibri-id=\"5-c2\" id=\"custom\" class=\"h-section h-section-global-spacing d-flex align-items-lg-center align-items-md-center align-items-center style-1253 style-local-5-c2 position-relative\">\n    <!---->\n    <!---->\n    <div class=\"h-section-grid-container h-section-boxed-container\">\n      <!---->\n      <div data-colibri-id=\"5-c3\" class=\"h-row-container gutters-row-lg-2 gutters-row-md-2 gutters-row-0 gutters-row-v-lg-2 gutters-row-v-md-2 gutters-row-v-2 style-1254 style-local-5-c3 position-relative\">\n        <!---->\n        <div class=\"h-row justify-content-lg-center justify-content-md-center justify-content-center align-items-lg-stretch align-items-md-stretch align-items-stretch gutters-col-lg-2 gutters-col-md-2 gutters-col-0 gutters-col-v-lg-2 gutters-col-v-md-2 gutters-col-v-2\">\n          <!---->\n          <div class=\"h-column h-column-container d-flex h-col-lg-auto h-col-md-auto h-col-auto style-1255-outer style-local-5-c4-outer\">\n            <div data-colibri-id=\"5-c4\" class=\"d-flex h-flex-basis h-column__inner h-px-lg-2 h-px-md-2 h-px-2 v-inner-lg-2 v-inner-md-2 v-inner-2 style-1255 style-local-5-c4 position-relative\">\n              <!---->\n              <!---->\n              <div class=\"w-100 h-y-container h-column__content h-column__v-align flex-basis-100 align-self-lg-start align-self-md-start align-self-start\">\n                <!---->\n                <div data-colibri-id=\"5-c5\" class=\"h-text h-text-component style-1256 style-local-5-c5 position-relative h-element\">\n                  <!---->\n                  <!---->\n                  <div class=\"\">\n                    <h4><strong style=\"font-family: &quot;Open Sans&quot;; color: rgb(49, 167, 169); font-weight: 800;\">COOL: INFLUENZA-Schutzimpfung auch als Kassenleistung bei Reisen!<\/strong><strong style=\"font-family: &quot;Open Sans&quot;; color: rgb(127, 18, 18); font-weight: 800;\"><br><\/strong>\n                      <strong\n                        style=\"font-family: &quot;Open Sans&quot;; color: rgb(188, 89, 89); font-weight: 800;\">BEW\u00c4HRT: Nutzen Sie die angebotenen Vorsorgeuntersuchungen der gesetzlichen Kassen!<\/strong>\n                        <a href=\"https:\/\/nowitzky.eu\/wp-content\/uploads\/Arexvy-medicine-overview_EN-arexvy-epar-medicine-overview_en.pdf\" target=\"_blank\" class=\"customize-unpreviewable\">\n                          <br>\n                        <\/a>\n                    <\/h4>\n                    <p>Lassen Sie sich beraten!\n                      <br>\n                    <\/p>\n                  <\/div>\n                <\/div>\n              <\/div>\n            <\/div>\n          <\/div>\n        <\/div>\n      <\/div>\n    <\/div>\n  <\/div>\n  <div data-colibri-component=\"section\" data-colibri-id=\"5-c10\" id=\"team-2\" class=\"h-section h-section-global-spacing d-flex align-items-lg-center align-items-md-center align-items-center style-1418 style-local-5-c10 position-relative\">\n    <!---->\n    <!---->\n    <div class=\"h-section-grid-container h-section-boxed-container\">\n      <div data-colibri-id=\"5-c22\" class=\"h-row-container gutters-row-lg-2 gutters-row-md-2 gutters-row-0 gutters-row-v-lg-2 gutters-row-v-md-2 gutters-row-v-2 style-1432 style-local-5-c22 position-relative\">\n        <!---->\n        <div class=\"h-row justify-content-lg-center justify-content-md-center justify-content-center align-items-lg-stretch align-items-md-stretch align-items-stretch gutters-col-lg-2 gutters-col-md-2 gutters-col-0 gutters-col-v-lg-2 gutters-col-v-md-2 gutters-col-v-2\">\n          <!---->\n          <div class=\"h-column h-column-container d-flex h-col-lg-auto h-col-md-auto h-col-auto style-1433-outer style-local-5-c23-outer\">\n            <div data-colibri-id=\"5-c23\" class=\"d-flex h-flex-basis h-column__inner h-px-lg-2 h-px-md-2 h-px-2 v-inner-lg-2 v-inner-md-2 v-inner-2 style-1433 style-local-5-c23 position-relative\">\n              <!---->\n              <!---->\n              <div class=\"w-100 h-y-container h-column__content h-column__v-align flex-basis-100 align-self-lg-start align-self-md-start align-self-start\">\n                <!---->\n                <div data-colibri-id=\"5-c24\" class=\"h-global-transition-all h-heading style-1434 style-local-5-c24 position-relative h-element\">\n                  <!---->\n                  <div class=\"h-heading__outer style-1434 style-local-5-c24\">\n                    <!---->\n                    <!---->\n                    <h2 class=\"\">1 plus 1 macht&#8230;<\/h2>\n                  <\/div>\n                <\/div>\n                <div data-colibri-id=\"5-c25\" class=\"h-lead h-text h-text-component style-1435 style-local-5-c25 position-relative h-element\">\n                  <!---->\n                  <!---->\n                  <div class=\"\">\n                    <p>Ab dem 01. Januar 2026 sind wir eine Gemeinschaftspraxis bestehend aus der ehemaligen Praxis Dr. Nowitzky und der Praxis Michael Roth. F\u00fcr Sie bedeutet das ein umfangreicheres Angebot an Sprechzeiten und \u00e4rztlichen Leistungen.<\/p>\n                  <\/div>\n                <\/div>\n              <\/div>\n            <\/div>\n          <\/div>\n        <\/div>\n      <\/div>\n      <div data-colibri-id=\"5-c11\" class=\"h-row-container gutters-row-lg-2 gutters-row-md-2 gutters-row-0 gutters-row-v-lg-2 gutters-row-v-md-2 gutters-row-v-2 style-1419 style-local-5-c11 position-relative\">\n        <!---->\n        <div class=\"h-row justify-content-lg-center justify-content-md-center justify-content-center align-items-lg-stretch align-items-md-stretch align-items-stretch gutters-col-lg-2 gutters-col-md-2 gutters-col-0 gutters-col-v-lg-2 gutters-col-v-md-2 gutters-col-v-2\">\n          <!---->\n          <div class=\"h-column h-column-container d-flex h-col-lg-3 h-col-md-6 h-col-12 style-1420-outer style-local-5-c12-outer\">\n            <div data-colibri-id=\"5-c12\" class=\"d-flex h-flex-basis h-column__inner h-px-lg-0 h-px-md-0 h-px-0 v-inner-lg-0 v-inner-md-0 v-inner-0 style-1420 style-local-5-c12 position-relative\">\n              <!---->\n              <!---->\n              <div class=\"w-100 h-y-container h-column__content h-column__v-align flex-basis-100 align-self-lg-start align-self-md-start align-self-start\">\n                <!---->\n                <div data-colibri-id=\"5-c13\" class=\"d-block style-1421 style-local-5-c13 position-relative h-element\">\n                  <!---->\n                  <div class=\"h-image__frame-container-outer\">\n                    <div class=\"h-image__frame-container\">\n                      <!---->\n                      <!---->\n                      <img decoding=\"async\" width=\"1704\" height=\"1706\" data-src=\"https:\/\/nowitzky.eu\/wp-content\/uploads\/cropped-cropped-Michael-Roth-Website-scaled-1.jpg\" class=\"wp-image-2851 style-1421-image style-local-5-c13-image lazyload\" alt=\"\" data-srcset=\"https:\/\/nowitzky.eu\/wp-content\/uploads\/cropped-cropped-Michael-Roth-Website-scaled-1.jpg 1704w, https:\/\/nowitzky.eu\/wp-content\/uploads\/cropped-cropped-Michael-Roth-Website-scaled-1-300x300.jpg 300w, https:\/\/nowitzky.eu\/wp-content\/uploads\/cropped-cropped-Michael-Roth-Website-scaled-1-1024x1024.jpg 1024w, https:\/\/nowitzky.eu\/wp-content\/uploads\/cropped-cropped-Michael-Roth-Website-scaled-1-150x150.jpg 150w, https:\/\/nowitzky.eu\/wp-content\/uploads\/cropped-cropped-Michael-Roth-Website-scaled-1-768x769.jpg 768w, https:\/\/nowitzky.eu\/wp-content\/uploads\/cropped-cropped-Michael-Roth-Website-scaled-1-1534x1536.jpg 1534w\" data-sizes=\"(max-width: 1704px) 100vw, 1704px\" src=\"data:image\/svg+xml;base64,PHN2ZyB3aWR0aD0iMSIgaGVpZ2h0PSIxIiB4bWxucz0iaHR0cDovL3d3dy53My5vcmcvMjAwMC9zdmciPjwvc3ZnPg==\" style=\"--smush-placeholder-width: 1704px; --smush-placeholder-aspect-ratio: 1704\/1706;\" \/>\n                      <div class=\"h-image__frame h-hide-lg h-hide-md h-hide-sm style-1421-frameImage style-local-5-c13-frameImage\"><\/div>\n                    <\/div>\n                  <\/div>\n                <\/div>\n                <div data-colibri-id=\"5-c14\" class=\"h-global-transition-all h-heading style-1422 style-local-5-c14 position-relative h-element\">\n                  <!---->\n                  <div class=\"h-heading__outer style-1422 style-local-5-c14\">\n                    <!---->\n                    <!---->\n                    <h4 class=\"\">Michael Roth<\/h4>\n                  <\/div>\n                <\/div>\n                <div data-colibri-id=\"5-c15\" class=\"h-text h-text-component style-1423 style-local-5-c15 position-relative h-element\">\n                  <!---->\n                  <!---->\n                  <div class=\"\">\n                    <p>Internist\/Geriater<\/p>\n                  <\/div>\n                <\/div>\n                <div data-colibri-id=\"5-c16\" class=\"h-text h-text-component style-1424 style-local-5-c16 position-relative h-element\">\n                  <!---->\n                  <!---->\n                  <div class=\"\"><\/div>\n                <\/div>\n              <\/div>\n            <\/div>\n          <\/div>\n          <div class=\"h-column h-column-container d-flex h-col-lg-3 h-col-md-6 h-col-12 style-1420-outer style-local-5-c17-outer\">\n            <div data-colibri-id=\"5-c17\" class=\"d-flex h-flex-basis h-column__inner h-px-lg-0 h-px-md-0 h-px-0 v-inner-lg-0 v-inner-md-0 v-inner-0 style-1420 style-local-5-c17 position-relative\">\n              <!---->\n              <!---->\n              <div class=\"w-100 h-y-container h-column__content h-column__v-align flex-basis-100 align-self-lg-start align-self-md-start align-self-start\">\n                <!---->\n                <div data-colibri-id=\"5-c18\" class=\"d-block style-1426 style-local-5-c18 position-relative h-element\">\n                  <!---->\n                  <div class=\"h-image__frame-container-outer\">\n                    <div class=\"h-image__frame-container\">\n                      <!---->\n                      <!---->\n                      <img decoding=\"async\" width=\"780\" height=\"780\" data-src=\"https:\/\/nowitzky.eu\/wp-content\/uploads\/cropped-cropped-cropped-cropped-cropped-cropped-cropped-DSC_5295.jpg\" class=\"wp-image-2852 style-1426-image style-local-5-c18-image lazyload\" alt=\"\" data-srcset=\"https:\/\/nowitzky.eu\/wp-content\/uploads\/cropped-cropped-cropped-cropped-cropped-cropped-cropped-DSC_5295.jpg 780w, https:\/\/nowitzky.eu\/wp-content\/uploads\/cropped-cropped-cropped-cropped-cropped-cropped-cropped-DSC_5295-300x300.jpg 300w, https:\/\/nowitzky.eu\/wp-content\/uploads\/cropped-cropped-cropped-cropped-cropped-cropped-cropped-DSC_5295-150x150.jpg 150w, https:\/\/nowitzky.eu\/wp-content\/uploads\/cropped-cropped-cropped-cropped-cropped-cropped-cropped-DSC_5295-768x768.jpg 768w\" data-sizes=\"(max-width: 780px) 100vw, 780px\" src=\"data:image\/svg+xml;base64,PHN2ZyB3aWR0aD0iMSIgaGVpZ2h0PSIxIiB4bWxucz0iaHR0cDovL3d3dy53My5vcmcvMjAwMC9zdmciPjwvc3ZnPg==\" style=\"--smush-placeholder-width: 780px; --smush-placeholder-aspect-ratio: 780\/780;\" \/>\n                      <div class=\"h-image__frame h-hide-lg h-hide-md h-hide-sm style-1426-frameImage style-local-5-c18-frameImage\"><\/div>\n                    <\/div>\n                  <\/div>\n                <\/div>\n                <div data-colibri-id=\"5-c19\" class=\"h-global-transition-all h-heading style-1422 style-local-5-c19 position-relative h-element\">\n                  <!---->\n                  <div class=\"h-heading__outer style-1422 style-local-5-c19\">\n                    <!---->\n                    <!---->\n                    <h4 class=\"\">Dr. med. Barbara Nowitzky<\/h4>\n                  <\/div>\n                <\/div>\n                <div data-colibri-id=\"5-c20\" class=\"h-text h-text-component style-1423 style-local-5-c20 position-relative h-element\">\n                  <!---->\n                  <!---->\n                  <div class=\"\">\n                    <p>Allgemeinmedizinerin<\/p>\n                  <\/div>\n                <\/div>\n                <div data-colibri-id=\"5-c21\" class=\"h-text h-text-component style-1424 style-local-5-c21 position-relative h-element\">\n                  <!---->\n                  <!---->\n                  <div class=\"\"><\/div>\n                <\/div>\n              <\/div>\n            <\/div>\n          <\/div>\n        <\/div>\n      <\/div>\n    <\/div>\n  <\/div>\n  <div data-colibri-component=\"section\" data-colibri-id=\"5-c26\" id=\"about\" class=\"h-section h-section-global-spacing d-flex align-items-lg-center align-items-md-center align-items-center style-954 style-local-5-c26 position-relative\">\n    <!---->\n    <!---->\n    <div class=\"h-section-grid-container h-section-boxed-container\">\n      <!---->\n      <div data-colibri-id=\"5-c27\" class=\"h-row-container gutters-row-lg-0 gutters-row-md-0 gutters-row-0 gutters-row-v-lg-0 gutters-row-v-md-0 gutters-row-v-0 style-955 style-local-5-c27 position-relative\">\n        <!---->\n        <div class=\"h-row justify-content-lg-center justify-content-md-center justify-content-center align-items-lg-stretch align-items-md-stretch align-items-stretch gutters-col-lg-0 gutters-col-md-0 gutters-col-0 gutters-col-v-lg-0 gutters-col-v-md-0 gutters-col-v-0\">\n          <!---->\n          <div class=\"h-column h-column-container d-flex h-col-lg-auto h-col-md-auto h-col-auto style-956-outer style-local-5-c28-outer\">\n            <div data-colibri-id=\"5-c28\" class=\"d-flex h-flex-basis h-column__inner h-px-lg-0 h-px-md-0 h-px-0 v-inner-lg-0 v-inner-md-0 v-inner-0 style-956 style-local-5-c28 position-relative\">\n              <!---->\n              <!---->\n              <div class=\"w-100 h-y-container h-column__content h-column__v-align flex-basis-100 align-self-lg-start align-self-md-start align-self-start\">\n                <!---->\n                <div data-colibri-id=\"5-c29\" class=\"h-text h-text-component style-959 style-local-5-c29 position-relative h-element\">\n                  <!---->\n                  <!---->\n                  <div class=\"\">\n                    <p><strong style=\"font-weight: 700; color: rgb(102, 102, 102); font-size: 12pt; font-family: &quot;Open Sans&quot;;\">Der Mensch hat viele W\u00fcnsche und Sehns\u00fcchte, aber unsere Gesundheit liegt uns allen besonders am Herzen. Auch im Zeitalter m\u00fchelos erreichbarer und massenhaft abrufbarer Information bleibt die vertrauensvolle Beziehung zu einer \u00c4rztin oder einem Arzt f\u00fcr die meisten Menschen unersetzlich in Hinsicht auf die kompetente Betreuung ihres k\u00f6rperlichen, psychischen und seelischen Wohlbefindens.<\/strong><\/p>\n                  <\/div>\n                <\/div>\n                <div data-colibri-id=\"5-c30\" class=\"h-x-container style-993 style-local-5-c30 position-relative h-element\">\n                  <!---->\n                  <div class=\"h-x-container-inner style-dynamic-5-c30-group style-993-spacing style-local-5-c30-spacing\"><span class=\"h-button__outer style-994-outer style-local-5-c31-outer d-inline-flex h-element\"><a h-use-smooth-scroll=\"true\" href=\"https:\/\/nowitzky.eu\/?page_id=1596\"  data-colibri-id=\"5-c31\" class=\"d-flex w-100 align-items-center h-button justify-content-lg-center justify-content-md-center justify-content-center style-994 style-local-5-c31 position-relative\"><!----><!----> <span>Weiterlesen<\/span><\/a>\n                    <\/span>\n                  <\/div>\n                <\/div>\n              <\/div>\n            <\/div>\n          <\/div>\n          <div class=\"h-column h-column-container d-flex h-col-lg-auto h-col-md-auto h-col-auto style-960-outer style-local-5-c32-outer\">\n            <div data-colibri-id=\"5-c32\" class=\"d-flex h-flex-basis h-column__inner h-ui-empty-state-container h-px-lg-2 h-px-md-2 h-px-2 v-inner-lg-2 v-inner-md-2 v-inner-2 style-960 style-local-5-c32 position-relative\">\n              <!---->\n              <!---->\n              <div class=\"w-100 h-y-container h-column__content h-column__v-align flex-basis-100\">\n                <!---->\n              <\/div>\n            <\/div>\n          <\/div>\n        <\/div>\n      <\/div>\n    <\/div>\n  <\/div>\n  <div data-colibri-component=\"section\" data-colibri-id=\"5-c33\" id=\"cta\" class=\"h-section h-section-global-spacing d-flex align-items-lg-center align-items-md-center align-items-center style-1027 style-local-5-c33 position-relative\">\n    <div class=\"background-wrapper\">\n      <div class=\"background-layer background-layer-media-container-lg\">\n        <div data-enabled=\"true\" data-colibri-component=\"parallax\" class=\"background-layer paraxify lazyload\" style=\"background-image:inherit;\" model-id=\"5-c33\" media=\"desktop\" is-preview=\"true\" data-bg-image=\"url(&quot;https:\/\/nowitzky.eu\/wp-content\/uploads\/P7310753.jpg&quot;)\"><\/div>\n      <\/div>\n      <div class=\"background-layer background-layer-media-container-md\">\n        <!---->\n      <\/div>\n      <div class=\"background-layer background-layer-media-container\">\n        <!---->\n      <\/div>\n    <\/div>\n    <!---->\n    <div class=\"h-section-grid-container h-section-boxed-container\">\n      <!---->\n      <div data-colibri-id=\"5-c34\" class=\"h-row-container gutters-row-lg-0 gutters-row-md-0 gutters-row-0 gutters-row-v-lg-0 gutters-row-v-md-0 gutters-row-v-0 style-1028 style-local-5-c34 position-relative\">\n        <!---->\n        <div class=\"h-row justify-content-lg-center justify-content-md-center justify-content-center align-items-lg-stretch align-items-md-stretch align-items-stretch gutters-col-lg-0 gutters-col-md-0 gutters-col-0 gutters-col-v-lg-0 gutters-col-v-md-0 gutters-col-v-0\">\n          <!---->\n          <div class=\"h-column h-column-container d-flex h-col-lg-auto h-col-md-auto h-col-auto style-1029-outer style-local-5-c35-outer\">\n            <div data-colibri-id=\"5-c35\" class=\"d-flex h-flex-basis h-column__inner h-px-lg-0 h-px-md-0 h-px-0 v-inner-lg-0 v-inner-md-0 v-inner-0 style-1029 style-local-5-c35 position-relative\">\n              <!---->\n              <!---->\n              <div class=\"w-100 h-y-container h-column__content h-column__v-align flex-basis-100 align-self-lg-start align-self-md-start align-self-start\">\n                <!---->\n                <div data-colibri-id=\"5-c36\" class=\"h-global-transition-all h-heading style-1030 style-local-5-c36 position-relative h-element\">\n                  <!---->\n                  <div class=\"h-heading__outer style-1030 style-local-5-c36\">\n                    <!---->\n                    <!---->\n                    <h2 class=\"\"><span style=\"font-family: &quot;Open Sans&quot;;\">Leistungspektrum<\/span><\/h2>\n                  <\/div>\n                <\/div>\n                <div data-colibri-id=\"5-c37\" class=\"h-text h-text-component style-1032 style-local-5-c37 position-relative h-element\">\n                  <!---->\n                  <!---->\n                  <div class=\"\">\n                    <p>Was ist Familienmedizin?<\/p>\n                  <\/div>\n                <\/div>\n              <\/div>\n            <\/div>\n          <\/div>\n          <div class=\"h-column h-column-container d-flex h-col-lg-auto h-col-md-auto h-col-auto style-1033-outer style-local-5-c38-outer\">\n            <div data-colibri-id=\"5-c38\" class=\"d-flex h-flex-basis h-column__inner h-px-lg-0 h-px-md-0 h-px-0 v-inner-lg-0 v-inner-md-0 v-inner-0 style-1033 style-local-5-c38 position-relative\">\n              <!---->\n              <!---->\n              <div class=\"w-100 h-y-container h-column__content h-column__v-align flex-basis-100 align-self-lg-start align-self-md-start align-self-start\">\n                <!---->\n                <div data-colibri-id=\"5-c39\" class=\"h-x-container style-1034 style-local-5-c39 position-relative h-element\">\n                  <!---->\n                  <div class=\"h-x-container-inner style-dynamic-5-c39-group style-1034-spacing style-local-5-c39-spacing\"><span class=\"h-button__outer style-1035-outer style-local-5-c40-outer d-inline-flex h-element\"><a h-use-smooth-scroll=\"true\" href=\"https:\/\/nowitzky.eu\/?page_id=76\"  data-colibri-id=\"5-c40\" class=\"d-flex w-100 align-items-center h-button justify-content-lg-center justify-content-md-center justify-content-center style-1035 style-local-5-c40 position-relative\"><!----><!----> <span>Weiterlesen<\/span><\/a>\n                    <\/span>\n                  <\/div>\n                <\/div>\n              <\/div>\n            <\/div>\n          <\/div>\n        <\/div>\n      <\/div>\n    <\/div>\n  <\/div>\n<\/div>","protected":false},"excerpt":{"rendered":"<p>COOL: INFLUENZA-Schutzimpfung auch als Kassenleistung bei Reisen! BEW\u00c4HRT: Nutzen Sie die angebotenen Vorsorgeuntersuchungen der gesetzlichen Kassen! Lassen Sie sich beraten! 1 plus 1 macht&#8230; Ab dem 01. Januar 2026 sind wir eine Gemeinschaftspraxis bestehend aus der ehemaligen Praxis Dr. Nowitzky und der Praxis Michael Roth. F\u00fcr Sie bedeutet das ein umfangreicheres Angebot an Sprechzeiten und [&hellip;]<\/p>\n","protected":false},"author":1,"featured_media":0,"parent":0,"menu_order":0,"comment_status":"closed","ping_status":"closed","template":"page-templates\/homepage.php","meta":{"footnotes":""},"class_list":["post-5","page","type-page","status-publish","hentry"],"_links":{"self":[{"href":"https:\/\/nowitzky.eu\/index.php?rest_route=\/wp\/v2\/pages\/5","targetHints":{"allow":["GET"]}}],"collection":[{"href":"https:\/\/nowitzky.eu\/index.php?rest_route=\/wp\/v2\/pages"}],"about":[{"href":"https:\/\/nowitzky.eu\/index.php?rest_route=\/wp\/v2\/types\/page"}],"author":[{"embeddable":true,"href":"https:\/\/nowitzky.eu\/index.php?rest_route=\/wp\/v2\/users\/1"}],"replies":[{"embeddable":true,"href":"https:\/\/nowitzky.eu\/index.php?rest_route=%2Fwp%2Fv2%2Fcomments&post=5"}],"version-history":[{"count":20,"href":"https:\/\/nowitzky.eu\/index.php?rest_route=\/wp\/v2\/pages\/5\/revisions"}],"predecessor-version":[{"id":2951,"href":"https:\/\/nowitzky.eu\/index.php?rest_route=\/wp\/v2\/pages\/5\/revisions\/2951"}],"wp:attachment":[{"href":"https:\/\/nowitzky.eu\/index.php?rest_route=%2Fwp%2Fv2%2Fmedia&parent=5"}],"curies":[{"name":"wp","href":"https:\/\/api.w.org\/{rel}","templated":true}]}}